{"id":676,"date":"2023-04-18T19:46:23","date_gmt":"2023-04-18T19:46:23","guid":{"rendered":"https:\/\/prodigypersonnel.com\/kitchener-location\/"},"modified":"2023-07-27T19:42:56","modified_gmt":"2023-07-27T19:42:56","slug":"kitchener-location","status":"publish","type":"page","link":"https:\/\/prodigypersonnel.com\/fr\/kitchener-location\/","title":{"rendered":"Kitchener Location"},"content":{"rendered":"\t\t<div data-elementor-type=\"wp-page\" data-elementor-id=\"676\" class=\"elementor elementor-676 elementor-185\" data-elementor-post-type=\"page\">\n\t\t\t\t\t\t<section class=\"elementor-section elementor-top-section elementor-element elementor-element-cd94bd0 elementor-section-boxed elementor-section-height-default elementor-section-height-default\" data-id=\"cd94bd0\" data-element_type=\"section\" data-e-type=\"section\" data-settings=\"{&quot;background_background&quot;:&quot;classic&quot;}\">\n\t\t\t\t\t\t<div class=\"elementor-container elementor-column-gap-default\">\n\t\t\t\t\t<div class=\"elementor-column elementor-col-100 elementor-top-column elementor-element elementor-element-25f58bc\" data-id=\"25f58bc\" data-element_type=\"column\" data-e-type=\"column\">\n\t\t\t<div class=\"elementor-widget-wrap elementor-element-populated\">\n\t\t\t\t\t\t<section class=\"elementor-section elementor-inner-section elementor-element elementor-element-7bcd7f2 elementor-section-boxed elementor-section-height-default elementor-section-height-default\" data-id=\"7bcd7f2\" data-element_type=\"section\" data-e-type=\"section\">\n\t\t\t\t\t\t<div class=\"elementor-container elementor-column-gap-default\">\n\t\t\t\t\t<div class=\"elementor-column elementor-col-100 elementor-inner-column elementor-element elementor-element-fc4ce14\" data-id=\"fc4ce14\" data-element_type=\"column\" data-e-type=\"column\">\n\t\t\t<div class=\"elementor-widget-wrap elementor-element-populated\">\n\t\t\t\t\t\t<div class=\"elementor-element elementor-element-aa7be7d elementor-widget elementor-widget-image\" data-id=\"aa7be7d\" data-element_type=\"widget\" data-e-type=\"widget\" data-widget_type=\"image.default\">\n\t\t\t\t<div class=\"elementor-widget-container\">\n\t\t\t\t\t\t\t\t\t\t\t\t\t\t\t<img decoding=\"async\" width=\"73\" height=\"73\" src=\"https:\/\/prodigypersonnel.com\/wp-content\/uploads\/2023\/04\/proidgy-symbol.png\" class=\"attachment-large size-large wp-image-626\" alt=\"prodigy favicon\" \/>\t\t\t\t\t\t\t\t\t\t\t\t\t\t\t<\/div>\n\t\t\t\t<\/div>\n\t\t\t\t<div class=\"elementor-element elementor-element-2f87437 elementor-widget elementor-widget-heading\" data-id=\"2f87437\" data-element_type=\"widget\" data-e-type=\"widget\" data-widget_type=\"heading.default\">\n\t\t\t\t<div class=\"elementor-widget-container\">\n\t\t\t\t\t<h1 class=\"elementor-heading-title elementor-size-default\">Votre premi\u00e8re agence de placement \u00e0 <span style=\"color: #14B5D1\">Kitchener<\/span><\/h1>\t\t\t\t<\/div>\n\t\t\t\t<\/div>\n\t\t\t\t<div class=\"elementor-element elementor-element-7b92b67 elementor-widget elementor-widget-heading\" data-id=\"7b92b67\" data-element_type=\"widget\" data-e-type=\"widget\" data-widget_type=\"heading.default\">\n\t\t\t\t<div class=\"elementor-widget-container\">\n\t\t\t\t\t<h4 class=\"elementor-heading-title elementor-size-default\">Bienvenue chez Prodigy, la principale agence de placement de Kitchener ! Nous nous sp\u00e9cialisons dans la fourniture de solutions de recrutement temporaire et d'embauche directe \u00e0 des clients de toutes tailles, y compris des chercheurs d'emploi permanents et \u00e0 temps partiel \u00e0 Kitchener, en Ontario.<\/h4>\t\t\t\t<\/div>\n\t\t\t\t<\/div>\n\t\t\t\t\t<\/div>\n\t\t<\/div>\n\t\t\t\t\t<\/div>\n\t\t<\/section>\n\t\t\t\t\t<\/div>\n\t\t<\/div>\n\t\t\t\t\t<\/div>\n\t\t<\/section>\n\t\t\t\t<section class=\"elementor-section elementor-top-section elementor-element elementor-element-a632b70 elementor-section-boxed elementor-section-height-default elementor-section-height-default\" data-id=\"a632b70\" data-element_type=\"section\" data-e-type=\"section\">\n\t\t\t\t\t\t<div class=\"elementor-container elementor-column-gap-default\">\n\t\t\t\t\t<div class=\"elementor-column elementor-col-100 elementor-top-column elementor-element elementor-element-e1dea63\" data-id=\"e1dea63\" data-element_type=\"column\" data-e-type=\"column\">\n\t\t\t<div class=\"elementor-widget-wrap elementor-element-populated\">\n\t\t\t\t\t\t<div class=\"elementor-element elementor-element-576c08b elementor-widget elementor-widget-html\" data-id=\"576c08b\" data-element_type=\"widget\" data-e-type=\"widget\" data-widget_type=\"html.default\">\n\t\t\t\t<div class=\"elementor-widget-container\">\n\t\t\t\t\t<iframe src=\"https:\/\/www.google.com\/maps\/embed?pb=!1m14!1m8!1m3!1d724.2730418976384!2d-80.460046!3d43.437791000000004!3m2!1i1024!2i768!4f13.1!3m3!1m2!1s0x882bf4ec10b555c9%3A0xdab9e96d7a18cfae!2sProdigy%20Personnel!5e0!3m2!1sen!2sca!4v1681927718827!5m2!1sen!2sca\" width=\"600\" height=\"450\" style=\"border:0;\" allowfullscreen=\"\" loading=\"lazy\" referrerpolicy=\"no-referrer-when-downgrade\"><\/iframe>\t\t\t\t<\/div>\n\t\t\t\t<\/div>\n\t\t\t\t<div class=\"elementor-element elementor-element-0340721 elementor-widget elementor-widget-heading\" data-id=\"0340721\" data-element_type=\"widget\" data-e-type=\"widget\" data-widget_type=\"heading.default\">\n\t\t\t\t<div class=\"elementor-widget-container\">\n\t\t\t\t\t<p class=\"elementor-heading-title elementor-size-default\">Nous jouons un r\u00f4le cl\u00e9 dans la mise en relation des candidats potentiels et des recruteurs \u00e0 la recherche de la meilleure ad\u00e9quation.  <br><br>\nEn tant qu'agence de placement bien \u00e9tablie \u00e0 Kitchener et ayant une connaissance approfondie du march\u00e9 de l'emploi, nous disposons d'un vaste r\u00e9seau d'employeurs de premier plan dans la ville et avons acc\u00e8s \u00e0 un large \u00e9ventail d'offres d'emploi, allant des postes de d\u00e9butants aux postes de cadres. Nos experts en recrutement proposent des solutions flexibles et personnalis\u00e9es pour s'assurer que les candidats trouvent les bons employeurs et vice versa. Nous nous engageons \u00e0 fournir un service exceptionnel \u00e0 nos clients et aux demandeurs d'emploi.<\/p>\t\t\t\t<\/div>\n\t\t\t\t<\/div>\n\t\t\t\t<div class=\"elementor-element elementor-element-3bb204c elementor-widget elementor-widget-heading\" data-id=\"3bb204c\" data-element_type=\"widget\" data-e-type=\"widget\" data-widget_type=\"heading.default\">\n\t\t\t\t<div class=\"elementor-widget-container\">\n\t\t\t\t\t<p class=\"elementor-heading-title elementor-size-default\">Si vous \u00eates \u00e0 la recherche d'une agence de recrutement fiable \u00e0 Kitchener, ne cherchez pas plus loin que Prodigy. En tant qu'agence de recrutement r\u00e9put\u00e9e de Kitchener, nous nous engageons \u00e0 vous aider \u00e0 trouver un emploi plus rapidement et \u00e0 vous mettre en contact avec d'excellents employeurs de la r\u00e9gion. En travaillant en \u00e9troite collaboration avec les employeurs pour comprendre leurs besoins et exigences sp\u00e9cifiques, nous d\u00e9veloppons des relations de travail fructueuses afin de garantir la r\u00e9ussite du taux d'emploi. Faites le premier pas vers l'emploi de vos r\u00eaves en vous associant \u00e0 Prodigy, une agence de recrutement r\u00e9put\u00e9e de Kitchener.<br><br>\nLa recherche du bon candidat pour rejoindre votre \u00e9quipe peut \u00eatre une t\u00e2che ardue. C'est l\u00e0 que nous intervenons. Nous sommes sp\u00e9cialis\u00e9s dans la fourniture aux entreprises de candidats de qualit\u00e9 sup\u00e9rieure qui sont non seulement comp\u00e9tents mais qui s'int\u00e8grent \u00e9galement parfaitement \u00e0 la culture de votre entreprise. Notre \u00e9quipe prend le temps d'apprendre \u00e0 conna\u00eetre votre entreprise et ses besoins sp\u00e9cifiques, afin de trouver les candidats qui correspondent le mieux \u00e0 vos attentes. Que vous recherchiez du personnel temporaire, des employ\u00e9s contractuels ou des employ\u00e9s permanents, nous avons l'expertise et les ressources n\u00e9cessaires pour vous aider \u00e0 trouver les talents dont vous avez besoin. Contactez-nous d\u00e8s aujourd'hui pour en savoir plus sur la mani\u00e8re dont nous pouvons r\u00e9pondre \u00e0 vos besoins en personnel.<\/p>\t\t\t\t<\/div>\n\t\t\t\t<\/div>\n\t\t\t\t<div class=\"elementor-element elementor-element-3b97be1 elementor-align-left elementor-widget elementor-widget-button\" data-id=\"3b97be1\" data-element_type=\"widget\" data-e-type=\"widget\" data-widget_type=\"button.default\">\n\t\t\t\t<div class=\"elementor-widget-container\">\n\t\t\t\t\t\t\t\t\t<div class=\"elementor-button-wrapper\">\n\t\t\t\t\t<a class=\"elementor-button elementor-button-link elementor-size-md\" href=\"https:\/\/prodigypersonnel.com\/why-prodigy\/\">\n\t\t\t\t\t\t<span class=\"elementor-button-content-wrapper\">\n\t\t\t\t\t\t\t\t\t<span class=\"elementor-button-text\">Pourquoi choisir Prodigy<\/span>\n\t\t\t\t\t<\/span>\n\t\t\t\t\t<\/a>\n\t\t\t\t<\/div>\n\t\t\t\t\t\t\t\t<\/div>\n\t\t\t\t<\/div>\n\t\t\t\t<div class=\"elementor-element elementor-element-6edc524 elementor-widget elementor-widget-heading\" data-id=\"6edc524\" data-element_type=\"widget\" data-e-type=\"widget\" data-widget_type=\"heading.default\">\n\t\t\t\t<div class=\"elementor-widget-container\">\n\t\t\t\t\t<h3 class=\"elementor-heading-title elementor-size-default\">Agence de recrutement et d'int\u00e9rim \u00e0 Kitchener<\/h3>\t\t\t\t<\/div>\n\t\t\t\t<\/div>\n\t\t\t\t<div class=\"elementor-element elementor-element-a002703 elementor-widget elementor-widget-heading\" data-id=\"a002703\" data-element_type=\"widget\" data-e-type=\"widget\" data-widget_type=\"heading.default\">\n\t\t\t\t<div class=\"elementor-widget-container\">\n\t\t\t\t\t<p class=\"elementor-heading-title elementor-size-default\">En tant que l'une des principales agences d'int\u00e9rim de Kitchener, nous comprenons que les chercheurs d'emploi peuvent avoir des difficult\u00e9s, surtout dans le march\u00e9 concurrentiel d'aujourd'hui. C'est pourquoi nous sommes \u00e0 la hauteur de la t\u00e2che, en offrant une multitude de services d'emploi pour r\u00e9pondre aux besoins uniques des demandeurs d'emploi. Que vous soyez \u00e0 la recherche d'un emploi temporaire, \u00e0 temps partiel ou \u00e0 temps plein, notre \u00e9quipe d'experts peut vous aider \u00e0 trouver le poste id\u00e9al.\n<br><br>\nSi vous \u00eates \u00e0 la recherche d'une agence d'int\u00e9rim \u00e0 Kitchener, n'h\u00e9sitez pas \u00e0 nous contacter pour en savoir plus sur nos services qui vous aideront \u00e0 trouver l'emploi id\u00e9al. Inscrivez-vous aupr\u00e8s de Prodigy d\u00e8s aujourd'hui et laissez-nous vous aider \u00e0 franchir une nouvelle \u00e9tape dans votre carri\u00e8re !  <\/p>\t\t\t\t<\/div>\n\t\t\t\t<\/div>\n\t\t\t\t<div class=\"elementor-element elementor-element-84e0fa0 elementor-align-left elementor-widget elementor-widget-button\" data-id=\"84e0fa0\" data-element_type=\"widget\" data-e-type=\"widget\" data-widget_type=\"button.default\">\n\t\t\t\t<div class=\"elementor-widget-container\">\n\t\t\t\t\t\t\t\t\t<div class=\"elementor-button-wrapper\">\n\t\t\t\t\t<a class=\"elementor-button elementor-button-link elementor-size-md\" href=\"https:\/\/prodigypersonnel.com\/temporary-staffing\/\">\n\t\t\t\t\t\t<span class=\"elementor-button-content-wrapper\">\n\t\t\t\t\t\t\t\t\t<span class=\"elementor-button-text\">Personnel int\u00e9rimaire<\/span>\n\t\t\t\t\t<\/span>\n\t\t\t\t\t<\/a>\n\t\t\t\t<\/div>\n\t\t\t\t\t\t\t\t<\/div>\n\t\t\t\t<\/div>\n\t\t\t\t\t<\/div>\n\t\t<\/div>\n\t\t\t\t\t<\/div>\n\t\t<\/section>\n\t\t\t\t<\/div>\n\t\t","protected":false},"excerpt":{"rendered":"<p>Votre premi\u00e8re agence de placement \u00e0 Kitchener Bienvenue chez Prodigy, la principale agence de placement de Kitchener ! Nous nous sp\u00e9cialisons dans la fourniture de solutions de recrutement temporaire et d&#8217;embauche directe \u00e0 des clients de toutes tailles, y compris des chercheurs d&#8217;emploi permanents et \u00e0 temps partiel \u00e0 Kitchener, en Ontario. Nous jouons un [&hellip;]<\/p>\n","protected":false},"author":1,"featured_media":0,"parent":0,"menu_order":0,"comment_status":"closed","ping_status":"closed","template":"","meta":{"footnotes":""},"class_list":["post-676","page","type-page","status-publish","hentry"],"_links":{"self":[{"href":"https:\/\/prodigypersonnel.com\/fr\/wp-json\/wp\/v2\/pages\/676","targetHints":{"allow":["GET"]}}],"collection":[{"href":"https:\/\/prodigypersonnel.com\/fr\/wp-json\/wp\/v2\/pages"}],"about":[{"href":"https:\/\/prodigypersonnel.com\/fr\/wp-json\/wp\/v2\/types\/page"}],"author":[{"embeddable":true,"href":"https:\/\/prodigypersonnel.com\/fr\/wp-json\/wp\/v2\/users\/1"}],"replies":[{"embeddable":true,"href":"https:\/\/prodigypersonnel.com\/fr\/wp-json\/wp\/v2\/comments?post=676"}],"version-history":[{"count":1,"href":"https:\/\/prodigypersonnel.com\/fr\/wp-json\/wp\/v2\/pages\/676\/revisions"}],"predecessor-version":[{"id":680,"href":"https:\/\/prodigypersonnel.com\/fr\/wp-json\/wp\/v2\/pages\/676\/revisions\/680"}],"wp:attachment":[{"href":"https:\/\/prodigypersonnel.com\/fr\/wp-json\/wp\/v2\/media?parent=676"}],"curies":[{"name":"wp","href":"https:\/\/api.w.org\/{rel}","templated":true}]}}