{"id":678,"date":"2023-04-18T19:44:36","date_gmt":"2023-04-18T19:44:36","guid":{"rendered":"https:\/\/prodigypersonnel.com\/emplacement-de-hamilton\/"},"modified":"2023-07-27T19:42:56","modified_gmt":"2023-07-27T19:42:56","slug":"emplacement-de-hamilton","status":"publish","type":"page","link":"https:\/\/prodigypersonnel.com\/fr\/emplacement-de-hamilton\/","title":{"rendered":"Emplacement de Hamilton"},"content":{"rendered":"\t\t<div data-elementor-type=\"wp-page\" data-elementor-id=\"678\" class=\"elementor elementor-678 elementor-181\" data-elementor-post-type=\"page\">\n\t\t\t\t\t\t<section class=\"elementor-section elementor-top-section elementor-element elementor-element-cd94bd0 elementor-section-boxed elementor-section-height-default elementor-section-height-default\" data-id=\"cd94bd0\" data-element_type=\"section\" data-e-type=\"section\" data-settings=\"{&quot;background_background&quot;:&quot;classic&quot;}\">\n\t\t\t\t\t\t<div class=\"elementor-container elementor-column-gap-default\">\n\t\t\t\t\t<div class=\"elementor-column elementor-col-100 elementor-top-column elementor-element elementor-element-25f58bc\" data-id=\"25f58bc\" data-element_type=\"column\" data-e-type=\"column\">\n\t\t\t<div class=\"elementor-widget-wrap elementor-element-populated\">\n\t\t\t\t\t\t<section class=\"elementor-section elementor-inner-section elementor-element elementor-element-7bcd7f2 elementor-section-boxed elementor-section-height-default elementor-section-height-default\" data-id=\"7bcd7f2\" data-element_type=\"section\" data-e-type=\"section\">\n\t\t\t\t\t\t<div class=\"elementor-container elementor-column-gap-default\">\n\t\t\t\t\t<div class=\"elementor-column elementor-col-100 elementor-inner-column elementor-element elementor-element-fc4ce14\" data-id=\"fc4ce14\" data-element_type=\"column\" data-e-type=\"column\">\n\t\t\t<div class=\"elementor-widget-wrap elementor-element-populated\">\n\t\t\t\t\t\t<div class=\"elementor-element elementor-element-aa7be7d elementor-widget elementor-widget-image\" data-id=\"aa7be7d\" data-element_type=\"widget\" data-e-type=\"widget\" data-widget_type=\"image.default\">\n\t\t\t\t<div class=\"elementor-widget-container\">\n\t\t\t\t\t\t\t\t\t\t\t\t\t\t\t<img decoding=\"async\" width=\"73\" height=\"73\" src=\"https:\/\/prodigypersonnel.com\/wp-content\/uploads\/2023\/04\/proidgy-symbol.png\" class=\"attachment-large size-large wp-image-626\" alt=\"prodigy favicon\" \/>\t\t\t\t\t\t\t\t\t\t\t\t\t\t\t<\/div>\n\t\t\t\t<\/div>\n\t\t\t\t<div class=\"elementor-element elementor-element-2f87437 elementor-widget elementor-widget-heading\" data-id=\"2f87437\" data-element_type=\"widget\" data-e-type=\"widget\" data-widget_type=\"heading.default\">\n\t\t\t\t<div class=\"elementor-widget-container\">\n\t\t\t\t\t<h1 class=\"elementor-heading-title elementor-size-default\">Principale agence pour l'emploi \u00e0 <span style=\"color: #14B5D1\">Hamilton<\/span><\/h1>\t\t\t\t<\/div>\n\t\t\t\t<\/div>\n\t\t\t\t<div class=\"elementor-element elementor-element-7b92b67 elementor-widget elementor-widget-heading\" data-id=\"7b92b67\" data-element_type=\"widget\" data-e-type=\"widget\" data-widget_type=\"heading.default\">\n\t\t\t\t<div class=\"elementor-widget-container\">\n\t\t\t\t\t<h4 class=\"elementor-heading-title elementor-size-default\">Exp\u00e9riment\u00e9e, comp\u00e9tente et amicale, Prodigy est votre agence de placement \u00e0 service complet \u00e0 Hamilton, en Ontario, sp\u00e9cialis\u00e9e dans les solutions de recrutement temporaire et d'embauche directe.  <\/h4>\t\t\t\t<\/div>\n\t\t\t\t<\/div>\n\t\t\t\t\t<\/div>\n\t\t<\/div>\n\t\t\t\t\t<\/div>\n\t\t<\/section>\n\t\t\t\t\t<\/div>\n\t\t<\/div>\n\t\t\t\t\t<\/div>\n\t\t<\/section>\n\t\t\t\t<section class=\"elementor-section elementor-top-section elementor-element elementor-element-a632b70 elementor-section-boxed elementor-section-height-default elementor-section-height-default\" data-id=\"a632b70\" data-element_type=\"section\" data-e-type=\"section\">\n\t\t\t\t\t\t<div class=\"elementor-container elementor-column-gap-default\">\n\t\t\t\t\t<div class=\"elementor-column elementor-col-100 elementor-top-column elementor-element elementor-element-e1dea63\" data-id=\"e1dea63\" data-element_type=\"column\" data-e-type=\"column\">\n\t\t\t<div class=\"elementor-widget-wrap elementor-element-populated\">\n\t\t\t\t\t\t<div class=\"elementor-element elementor-element-1d05a92 elementor-widget elementor-widget-html\" data-id=\"1d05a92\" data-element_type=\"widget\" data-e-type=\"widget\" data-widget_type=\"html.default\">\n\t\t\t\t<div class=\"elementor-widget-container\">\n\t\t\t\t\t<iframe src=\"https:\/\/www.google.com\/maps\/embed?pb=!1m14!1m8!1m3!1d726.5289357714705!2d-79.845383!3d43.248996!3m2!1i1024!2i768!4f13.1!3m3!1m2!1s0x882c9beeb887c563%3A0x93f129ef2df1a76!2s630%20Main%20St%20E%20%231a%2C%20Hamilton%2C%20ON%20L8M%201J7!5e0!3m2!1sen!2sca!4v1681927693382!5m2!1sen!2sca\" width=\"600\" height=\"450\" style=\"border:0;\" allowfullscreen=\"\" loading=\"lazy\" referrerpolicy=\"no-referrer-when-downgrade\"><\/iframe>\t\t\t\t<\/div>\n\t\t\t\t<\/div>\n\t\t\t\t<div class=\"elementor-element elementor-element-0340721 elementor-widget elementor-widget-heading\" data-id=\"0340721\" data-element_type=\"widget\" data-e-type=\"widget\" data-widget_type=\"heading.default\">\n\t\t\t\t<div class=\"elementor-widget-container\">\n\t\t\t\t\t<p class=\"elementor-heading-title elementor-size-default\">Forte de son exp\u00e9rience en mati\u00e8re d'offres d'emploi, notre \u00e9quipe de recruteurs assiste les demandeurs d'emploi en leur garantissant des niveaux de service \u00e9lev\u00e9s.<br><br>\nEn tant qu'agence de recrutement bien \u00e9tablie \u00e0 Hamilton et ayant une connaissance approfondie du march\u00e9 de l'emploi local, nous mettons en relation les candidats avec les opportunit\u00e9s parfaites qui correspondent \u00e0 leurs comp\u00e9tences et \u00e0 leur exp\u00e9rience, ce qui fait de nous une agence de recrutement \u00e0 Hamilton en laquelle vous pouvez avoir confiance. En accordant la m\u00eame importance \u00e0 nos clients et \u00e0 nos candidats et en communiquant clairement et r\u00e9guli\u00e8rement, nous sommes fiers du succ\u00e8s de nos relations \u00e0 long terme avec nos clients.<\/p>\t\t\t\t<\/div>\n\t\t\t\t<\/div>\n\t\t\t\t<div class=\"elementor-element elementor-element-83c2e37 elementor-widget elementor-widget-heading\" data-id=\"83c2e37\" data-element_type=\"widget\" data-e-type=\"widget\" data-widget_type=\"heading.default\">\n\t\t\t\t<div class=\"elementor-widget-container\">\n\t\t\t\t\t<p class=\"elementor-heading-title elementor-size-default\">Chez Prodigy, vous pouvez \u00eatre assur\u00e9 que nous mettons en relation les employ\u00e9s potentiels avec les emplois ad\u00e9quats, en apportant une valeur ajout\u00e9e \u00e0 toutes les \u00e9tapes du processus de recrutement. Nous nous engageons \u00e0 mettre en contact des candidats et des recruteurs hautement qualifi\u00e9s et bien adapt\u00e9s, en nous concentrant sur les r\u00e9sultats \u00e0 long terme. En tant qu'agence de recrutement r\u00e9put\u00e9e \u00e0 Hamilton, nous aimons mettre en relation les entreprises et les professionnels afin d'assurer le succ\u00e8s des deux parties ! Gr\u00e2ce \u00e0 notre approche partenariale, nous avons aid\u00e9 de nombreuses entreprises prosp\u00e8res \u00e0 entrer en contact avec des candidats qualifi\u00e9s, garantissant ainsi un processus de recrutement fluide et productif.\n<br><br>\nVous cherchez une agence de recrutement fiable \u00e0 Hamilton ? Ne cherchez pas plus loin que Prodigy. Contactez-nous d\u00e8s aujourd'hui pour maximiser le rendement de votre investissement dans le personnel. Nous attendons avec impatience votre r\u00e9ponse !<\/p>\t\t\t\t<\/div>\n\t\t\t\t<\/div>\n\t\t\t\t<div class=\"elementor-element elementor-element-3b97be1 elementor-align-left elementor-widget elementor-widget-button\" data-id=\"3b97be1\" data-element_type=\"widget\" data-e-type=\"widget\" data-widget_type=\"button.default\">\n\t\t\t\t<div class=\"elementor-widget-container\">\n\t\t\t\t\t\t\t\t\t<div class=\"elementor-button-wrapper\">\n\t\t\t\t\t<a class=\"elementor-button elementor-button-link elementor-size-md\" href=\"https:\/\/prodigypersonnel.com\/why-prodigy\/\">\n\t\t\t\t\t\t<span class=\"elementor-button-content-wrapper\">\n\t\t\t\t\t\t\t\t\t<span class=\"elementor-button-text\">Pourquoi choisir Prodigy<\/span>\n\t\t\t\t\t<\/span>\n\t\t\t\t\t<\/a>\n\t\t\t\t<\/div>\n\t\t\t\t\t\t\t\t<\/div>\n\t\t\t\t<\/div>\n\t\t\t\t<div class=\"elementor-element elementor-element-6edc524 elementor-widget elementor-widget-heading\" data-id=\"6edc524\" data-element_type=\"widget\" data-e-type=\"widget\" data-widget_type=\"heading.default\">\n\t\t\t\t<div class=\"elementor-widget-container\">\n\t\t\t\t\t<h3 class=\"elementor-heading-title elementor-size-default\">Agence d'int\u00e9rim r\u00e9put\u00e9e \u00e0 Hamilton<\/h3>\t\t\t\t<\/div>\n\t\t\t\t<\/div>\n\t\t\t\t<div class=\"elementor-element elementor-element-a002703 elementor-widget elementor-widget-heading\" data-id=\"a002703\" data-element_type=\"widget\" data-e-type=\"widget\" data-widget_type=\"heading.default\">\n\t\t\t\t<div class=\"elementor-widget-container\">\n\t\t\t\t\t<p class=\"elementor-heading-title elementor-size-default\">En tant qu'organisation hautement comp\u00e9tente pour aider les candidats \u00e0 la recherche d'un emploi temporaire \u00e0 temps partiel ou \u00e0 temps plein, Prodigy se sp\u00e9cialise dans la compr\u00e9hension et la fourniture de solutions de recrutement personnalis\u00e9es dans tous les secteurs, y compris la logistique, la fabrication, la finance, l'administration et plus encore. Nous sommes fiers d'avoir une solide compr\u00e9hension du march\u00e9 de l'emploi en tant qu'agence d'int\u00e9rim de longue date \u00e0 Hamilton, et de fournir des solutions efficaces et efficientes.\n<br><br>\nNous savons \u00e0 quel point la recherche d'un nouvel emploi peut \u00eatre d\u00e9courageante, c'est pourquoi nous assistons nos clients avec diligence et professionnalisme afin de les aider \u00e0 tirer le meilleur parti de ce processus. Si vous \u00eates \u00e0 la recherche d'un processus de recrutement bien guid\u00e9 dans un march\u00e9 comp\u00e9titif, vous pouvez faire confiance \u00e0 Prodigy pour \u00eatre votre agence d'int\u00e9rim de confiance \u00e0 Hamilton. Contactez-nous d\u00e8s maintenant pour trouver l'emploi temporaire \u00e0 temps partiel ou \u00e0 temps plein qui correspond \u00e0 vos comp\u00e9tences et \u00e0 vos besoins !<\/p>\t\t\t\t<\/div>\n\t\t\t\t<\/div>\n\t\t\t\t<div class=\"elementor-element elementor-element-84e0fa0 elementor-align-left elementor-widget elementor-widget-button\" data-id=\"84e0fa0\" data-element_type=\"widget\" data-e-type=\"widget\" data-widget_type=\"button.default\">\n\t\t\t\t<div class=\"elementor-widget-container\">\n\t\t\t\t\t\t\t\t\t<div class=\"elementor-button-wrapper\">\n\t\t\t\t\t<a class=\"elementor-button elementor-button-link elementor-size-md\" href=\"https:\/\/prodigypersonnel.com\/temporary-staffing\/\">\n\t\t\t\t\t\t<span class=\"elementor-button-content-wrapper\">\n\t\t\t\t\t\t\t\t\t<span class=\"elementor-button-text\">Personnel int\u00e9rimaire<\/span>\n\t\t\t\t\t<\/span>\n\t\t\t\t\t<\/a>\n\t\t\t\t<\/div>\n\t\t\t\t\t\t\t\t<\/div>\n\t\t\t\t<\/div>\n\t\t\t\t\t<\/div>\n\t\t<\/div>\n\t\t\t\t\t<\/div>\n\t\t<\/section>\n\t\t\t\t<\/div>\n\t\t","protected":false},"excerpt":{"rendered":"<p>Principale agence pour l&#8217;emploi \u00e0 Hamilton Exp\u00e9riment\u00e9e, comp\u00e9tente et amicale, Prodigy est votre agence de placement \u00e0 service complet \u00e0 Hamilton, en Ontario, sp\u00e9cialis\u00e9e dans les solutions de recrutement temporaire et d&#8217;embauche directe. Forte de son exp\u00e9rience en mati\u00e8re d&rsquo;offres d&#8217;emploi, notre \u00e9quipe de recruteurs assiste les demandeurs d&#8217;emploi en leur garantissant des niveaux de [&hellip;]<\/p>\n","protected":false},"author":1,"featured_media":0,"parent":0,"menu_order":0,"comment_status":"closed","ping_status":"closed","template":"","meta":{"footnotes":""},"class_list":["post-678","page","type-page","status-publish","hentry"],"_links":{"self":[{"href":"https:\/\/prodigypersonnel.com\/fr\/wp-json\/wp\/v2\/pages\/678","targetHints":{"allow":["GET"]}}],"collection":[{"href":"https:\/\/prodigypersonnel.com\/fr\/wp-json\/wp\/v2\/pages"}],"about":[{"href":"https:\/\/prodigypersonnel.com\/fr\/wp-json\/wp\/v2\/types\/page"}],"author":[{"embeddable":true,"href":"https:\/\/prodigypersonnel.com\/fr\/wp-json\/wp\/v2\/users\/1"}],"replies":[{"embeddable":true,"href":"https:\/\/prodigypersonnel.com\/fr\/wp-json\/wp\/v2\/comments?post=678"}],"version-history":[{"count":1,"href":"https:\/\/prodigypersonnel.com\/fr\/wp-json\/wp\/v2\/pages\/678\/revisions"}],"predecessor-version":[{"id":681,"href":"https:\/\/prodigypersonnel.com\/fr\/wp-json\/wp\/v2\/pages\/678\/revisions\/681"}],"wp:attachment":[{"href":"https:\/\/prodigypersonnel.com\/fr\/wp-json\/wp\/v2\/media?parent=678"}],"curies":[{"name":"wp","href":"https:\/\/api.w.org\/{rel}","templated":true}]}}