{"id":679,"date":"2023-04-18T19:49:23","date_gmt":"2023-04-18T19:49:23","guid":{"rendered":"https:\/\/prodigypersonnel.com\/localisation-a-mississauga\/"},"modified":"2023-07-27T19:42:57","modified_gmt":"2023-07-27T19:42:57","slug":"localisation-a-mississauga","status":"publish","type":"page","link":"https:\/\/prodigypersonnel.com\/fr\/localisation-a-mississauga\/","title":{"rendered":"Localisation \u00e0 Mississauga"},"content":{"rendered":"\t\t<div data-elementor-type=\"wp-page\" data-elementor-id=\"679\" class=\"elementor elementor-679 elementor-192\" data-elementor-post-type=\"page\">\n\t\t\t\t\t\t<section class=\"elementor-section elementor-top-section elementor-element elementor-element-cd94bd0 elementor-section-boxed elementor-section-height-default elementor-section-height-default\" data-id=\"cd94bd0\" data-element_type=\"section\" data-e-type=\"section\" data-settings=\"{&quot;background_background&quot;:&quot;classic&quot;}\">\n\t\t\t\t\t\t<div class=\"elementor-container elementor-column-gap-default\">\n\t\t\t\t\t<div class=\"elementor-column elementor-col-100 elementor-top-column elementor-element elementor-element-25f58bc\" data-id=\"25f58bc\" data-element_type=\"column\" data-e-type=\"column\">\n\t\t\t<div class=\"elementor-widget-wrap elementor-element-populated\">\n\t\t\t\t\t\t<section class=\"elementor-section elementor-inner-section elementor-element elementor-element-7bcd7f2 elementor-section-boxed elementor-section-height-default elementor-section-height-default\" data-id=\"7bcd7f2\" data-element_type=\"section\" data-e-type=\"section\">\n\t\t\t\t\t\t<div class=\"elementor-container elementor-column-gap-default\">\n\t\t\t\t\t<div class=\"elementor-column elementor-col-100 elementor-inner-column elementor-element elementor-element-fc4ce14\" data-id=\"fc4ce14\" data-element_type=\"column\" data-e-type=\"column\">\n\t\t\t<div class=\"elementor-widget-wrap elementor-element-populated\">\n\t\t\t\t\t\t<div class=\"elementor-element elementor-element-aa7be7d elementor-widget elementor-widget-image\" data-id=\"aa7be7d\" data-element_type=\"widget\" data-e-type=\"widget\" data-widget_type=\"image.default\">\n\t\t\t\t<div class=\"elementor-widget-container\">\n\t\t\t\t\t\t\t\t\t\t\t\t\t\t\t<img decoding=\"async\" width=\"73\" height=\"73\" src=\"https:\/\/prodigypersonnel.com\/wp-content\/uploads\/2023\/04\/proidgy-symbol.png\" class=\"attachment-large size-large wp-image-626\" alt=\"prodigy favicon\" \/>\t\t\t\t\t\t\t\t\t\t\t\t\t\t\t<\/div>\n\t\t\t\t<\/div>\n\t\t\t\t<div class=\"elementor-element elementor-element-2f87437 elementor-widget elementor-widget-heading\" data-id=\"2f87437\" data-element_type=\"widget\" data-e-type=\"widget\" data-widget_type=\"heading.default\">\n\t\t\t\t<div class=\"elementor-widget-container\">\n\t\t\t\t\t<h1 class=\"elementor-heading-title elementor-size-default\">Votre agence de placement de confiance \u00e0 <span style=\"color: #14B5D1\">Mississauga<\/span><\/h1>\t\t\t\t<\/div>\n\t\t\t\t<\/div>\n\t\t\t\t<div class=\"elementor-element elementor-element-7b92b67 elementor-widget elementor-widget-heading\" data-id=\"7b92b67\" data-element_type=\"widget\" data-e-type=\"widget\" data-widget_type=\"heading.default\">\n\t\t\t\t<div class=\"elementor-widget-container\">\n\t\t\t\t\t<h4 class=\"elementor-heading-title elementor-size-default\">Vous cherchez une agence de placement \u00e0 Mississauga, Ontario ? Notre agence de recrutement propose des solutions de recrutement temporaire et direct \u00e0 des clients de toutes tailles. Nous proposons une gamme de solutions de recrutement pour aider les demandeurs d'emploi \u00e0 trouver leur bonheur et les entreprises \u00e0 trouver les bons talents.  <\/h4>\t\t\t\t<\/div>\n\t\t\t\t<\/div>\n\t\t\t\t\t<\/div>\n\t\t<\/div>\n\t\t\t\t\t<\/div>\n\t\t<\/section>\n\t\t\t\t\t<\/div>\n\t\t<\/div>\n\t\t\t\t\t<\/div>\n\t\t<\/section>\n\t\t\t\t<section class=\"elementor-section elementor-top-section elementor-element elementor-element-a632b70 elementor-section-boxed elementor-section-height-default elementor-section-height-default\" data-id=\"a632b70\" data-element_type=\"section\" data-e-type=\"section\">\n\t\t\t\t\t\t<div class=\"elementor-container elementor-column-gap-default\">\n\t\t\t\t\t<div class=\"elementor-column elementor-col-100 elementor-top-column elementor-element elementor-element-e1dea63\" data-id=\"e1dea63\" data-element_type=\"column\" data-e-type=\"column\">\n\t\t\t<div class=\"elementor-widget-wrap elementor-element-populated\">\n\t\t\t\t\t\t<div class=\"elementor-element elementor-element-73ef992 elementor-widget elementor-widget-html\" data-id=\"73ef992\" data-element_type=\"widget\" data-e-type=\"widget\" data-widget_type=\"html.default\">\n\t\t\t\t<div class=\"elementor-widget-container\">\n\t\t\t\t\t<iframe src=\"https:\/\/www.google.com\/maps\/embed?pb=!1m14!1m8!1m3!1d722.3717583148187!2d-79.636925!3d43.5964!3m2!1i1024!2i768!4f13.1!3m3!1m2!1s0x882b47252e6db4df%3A0xeefa7027b6645def!2s2%20Robert%20Speck%20Pkwy%2C%20Mississauga%2C%20ON%20L4Z%201H8!5e0!3m2!1sen!2sca!4v1681927740074!5m2!1sen!2sca\" width=\"600\" height=\"450\" style=\"border:0;\" allowfullscreen=\"\" loading=\"lazy\" referrerpolicy=\"no-referrer-when-downgrade\"><\/iframe>\t\t\t\t<\/div>\n\t\t\t\t<\/div>\n\t\t\t\t<div class=\"elementor-element elementor-element-0340721 elementor-widget elementor-widget-heading\" data-id=\"0340721\" data-element_type=\"widget\" data-e-type=\"widget\" data-widget_type=\"heading.default\">\n\t\t\t\t<div class=\"elementor-widget-container\">\n\t\t\t\t\t<p class=\"elementor-heading-title elementor-size-default\">Que vous soyez un demandeur d'emploi \u00e0 la recherche de votre prochaine opportunit\u00e9 ou un employeur \u00e0 la recherche du bon candidat, nous sommes l\u00e0 pour vous aider ! Contactez Prodigy, l'agence de placement de confiance \u00e0 Mississauga, pour trouver l'emploi ou le candidat id\u00e9al !\n<br><br>\nSi vous \u00eates \u00e0 la recherche d'une agence de recrutement fiable \u00e0 Mississauga, ne cherchez pas plus loin que Prodigy. Nos experts en recrutement ont des ann\u00e9es d'exp\u00e9rience dans le secteur et une connaissance approfondie du march\u00e9 de l'emploi local. Nous avons \u00e9tabli des relations avec les principaux employeurs de la r\u00e9gion et pouvons vous mettre en contact avec les bonnes opportunit\u00e9s. Nous comprenons que chaque client a des besoins uniques, c'est pourquoi nous proposons des solutions de recrutement personnalis\u00e9es pour r\u00e9pondre \u00e0 vos besoins sp\u00e9cifiques. Associez-vous d\u00e8s aujourd'hui \u00e0 la premi\u00e8re agence de recrutement de Mississauga.\n<br><br>\nSi vous \u00eates un demandeur d'emploi \u00e0 la recherche d'opportunit\u00e9s de travail, contactez-nous d\u00e8s aujourd'hui pour en savoir plus sur nos services. Notre \u00e9quipe d'experts travaillera avec vous pour trouver l'opportunit\u00e9 qui correspond \u00e0 vos comp\u00e9tences, \u00e0 votre exp\u00e9rience et \u00e0 vos objectifs de carri\u00e8re. Si vous \u00eates un employeur \u00e0 la recherche des meilleurs talents, notre agence de recrutement de Mississauga peut vous aider \u00e0 trouver le candidat id\u00e9al pour votre entreprise. Contactez-nous d\u00e8s aujourd'hui pour en savoir plus sur nos solutions de recrutement et sur la mani\u00e8re dont nous pouvons vous aider \u00e0 r\u00e9ussir.<\/p>\t\t\t\t<\/div>\n\t\t\t\t<\/div>\n\t\t\t\t<div class=\"elementor-element elementor-element-3b97be1 elementor-align-left elementor-widget elementor-widget-button\" data-id=\"3b97be1\" data-element_type=\"widget\" data-e-type=\"widget\" data-widget_type=\"button.default\">\n\t\t\t\t<div class=\"elementor-widget-container\">\n\t\t\t\t\t\t\t\t\t<div class=\"elementor-button-wrapper\">\n\t\t\t\t\t<a class=\"elementor-button elementor-button-link elementor-size-md\" href=\"https:\/\/prodigypersonnel.com\/why-prodigy\/\">\n\t\t\t\t\t\t<span class=\"elementor-button-content-wrapper\">\n\t\t\t\t\t\t\t\t\t<span class=\"elementor-button-text\">Pourquoi choisir Prodigy<\/span>\n\t\t\t\t\t<\/span>\n\t\t\t\t\t<\/a>\n\t\t\t\t<\/div>\n\t\t\t\t\t\t\t\t<\/div>\n\t\t\t\t<\/div>\n\t\t\t\t<div class=\"elementor-element elementor-element-6edc524 elementor-widget elementor-widget-heading\" data-id=\"6edc524\" data-element_type=\"widget\" data-e-type=\"widget\" data-widget_type=\"heading.default\">\n\t\t\t\t<div class=\"elementor-widget-container\">\n\t\t\t\t\t<h3 class=\"elementor-heading-title elementor-size-default\">Agence d'int\u00e9rim fiable \u00e0 Mississauga<\/h3>\t\t\t\t<\/div>\n\t\t\t\t<\/div>\n\t\t\t\t<div class=\"elementor-element elementor-element-a002703 elementor-widget elementor-widget-heading\" data-id=\"a002703\" data-element_type=\"widget\" data-e-type=\"widget\" data-widget_type=\"heading.default\">\n\t\t\t\t<div class=\"elementor-widget-container\">\n\t\t\t\t\t<p class=\"elementor-heading-title elementor-size-default\">Notre agence d'int\u00e9rim \u00e0 Mississauga offre des solutions flexibles pour aider les demandeurs d'emploi \u00e0 trouver des opportunit\u00e9s temporaires \u00e0 temps partiel et \u00e0 temps plein. Nous comprenons que la vie peut \u00eatre impr\u00e9visible, c'est pourquoi nous proposons des missions temporaires qui s'adaptent \u00e0 votre emploi du temps. Que vous cherchiez \u00e0 acqu\u00e9rir de l'exp\u00e9rience dans un nouveau secteur, \u00e0 gagner un revenu suppl\u00e9mentaire ou \u00e0 trouver l'emploi de vos r\u00eaves, nous disposons des ressources n\u00e9cessaires pour vous aider \u00e0 r\u00e9ussir.\n<br><br>\nChez Prodigy, nous nous engageons \u00e0 fournir un service exceptionnel aux demandeurs d'emploi et aux employeurs. Nous sommes l'une des principales agences d'int\u00e9rim de Mississauga et nous avons fait nos preuves. Nous prenons le temps de comprendre vos besoins uniques et nous travaillons avec vous \u00e0 chaque \u00e9tape pour assurer votre succ\u00e8s. Inscrivez-vous sur Prodigy d\u00e8s aujourd'hui pour trouver des opportunit\u00e9s d'int\u00e9rim flexibles.  <\/p>\t\t\t\t<\/div>\n\t\t\t\t<\/div>\n\t\t\t\t<div class=\"elementor-element elementor-element-84e0fa0 elementor-align-left elementor-widget elementor-widget-button\" data-id=\"84e0fa0\" data-element_type=\"widget\" data-e-type=\"widget\" data-widget_type=\"button.default\">\n\t\t\t\t<div class=\"elementor-widget-container\">\n\t\t\t\t\t\t\t\t\t<div class=\"elementor-button-wrapper\">\n\t\t\t\t\t<a class=\"elementor-button elementor-button-link elementor-size-md\" href=\"https:\/\/prodigypersonnel.com\/temporary-staffing\/\">\n\t\t\t\t\t\t<span class=\"elementor-button-content-wrapper\">\n\t\t\t\t\t\t\t\t\t<span class=\"elementor-button-text\">Personnel int\u00e9rimaire<\/span>\n\t\t\t\t\t<\/span>\n\t\t\t\t\t<\/a>\n\t\t\t\t<\/div>\n\t\t\t\t\t\t\t\t<\/div>\n\t\t\t\t<\/div>\n\t\t\t\t\t<\/div>\n\t\t<\/div>\n\t\t\t\t\t<\/div>\n\t\t<\/section>\n\t\t\t\t<\/div>\n\t\t","protected":false},"excerpt":{"rendered":"<p>Votre agence de placement de confiance \u00e0 Mississauga Vous cherchez une agence de placement \u00e0 Mississauga, Ontario ? Notre agence de recrutement propose des solutions de recrutement temporaire et direct \u00e0 des clients de toutes tailles. Nous proposons une gamme de solutions de recrutement pour aider les demandeurs d&#8217;emploi \u00e0 trouver leur bonheur et les [&hellip;]<\/p>\n","protected":false},"author":1,"featured_media":0,"parent":0,"menu_order":0,"comment_status":"closed","ping_status":"closed","template":"","meta":{"footnotes":""},"class_list":["post-679","page","type-page","status-publish","hentry"],"_links":{"self":[{"href":"https:\/\/prodigypersonnel.com\/fr\/wp-json\/wp\/v2\/pages\/679","targetHints":{"allow":["GET"]}}],"collection":[{"href":"https:\/\/prodigypersonnel.com\/fr\/wp-json\/wp\/v2\/pages"}],"about":[{"href":"https:\/\/prodigypersonnel.com\/fr\/wp-json\/wp\/v2\/types\/page"}],"author":[{"embeddable":true,"href":"https:\/\/prodigypersonnel.com\/fr\/wp-json\/wp\/v2\/users\/1"}],"replies":[{"embeddable":true,"href":"https:\/\/prodigypersonnel.com\/fr\/wp-json\/wp\/v2\/comments?post=679"}],"version-history":[{"count":1,"href":"https:\/\/prodigypersonnel.com\/fr\/wp-json\/wp\/v2\/pages\/679\/revisions"}],"predecessor-version":[{"id":682,"href":"https:\/\/prodigypersonnel.com\/fr\/wp-json\/wp\/v2\/pages\/679\/revisions\/682"}],"wp:attachment":[{"href":"https:\/\/prodigypersonnel.com\/fr\/wp-json\/wp\/v2\/media?parent=679"}],"curies":[{"name":"wp","href":"https:\/\/api.w.org\/{rel}","templated":true}]}}