{"id":683,"date":"2023-04-18T19:39:07","date_gmt":"2023-04-18T19:39:07","guid":{"rendered":"https:\/\/prodigypersonnel.com\/site-de-brantford\/"},"modified":"2023-07-27T19:42:59","modified_gmt":"2023-07-27T19:42:59","slug":"site-de-brantford","status":"publish","type":"page","link":"https:\/\/prodigypersonnel.com\/fr\/site-de-brantford\/","title":{"rendered":"Site de Brantford"},"content":{"rendered":"\t\t<div data-elementor-type=\"wp-page\" data-elementor-id=\"683\" class=\"elementor elementor-683 elementor-173\" data-elementor-post-type=\"page\">\n\t\t\t\t\t\t<section class=\"elementor-section elementor-top-section elementor-element elementor-element-cd94bd0 elementor-section-boxed elementor-section-height-default elementor-section-height-default\" data-id=\"cd94bd0\" data-element_type=\"section\" data-e-type=\"section\" data-settings=\"{&quot;background_background&quot;:&quot;classic&quot;}\">\n\t\t\t\t\t\t<div class=\"elementor-container elementor-column-gap-default\">\n\t\t\t\t\t<div class=\"elementor-column elementor-col-100 elementor-top-column elementor-element elementor-element-25f58bc\" data-id=\"25f58bc\" data-element_type=\"column\" data-e-type=\"column\">\n\t\t\t<div class=\"elementor-widget-wrap elementor-element-populated\">\n\t\t\t\t\t\t<section class=\"elementor-section elementor-inner-section elementor-element elementor-element-7bcd7f2 elementor-section-boxed elementor-section-height-default elementor-section-height-default\" data-id=\"7bcd7f2\" data-element_type=\"section\" data-e-type=\"section\">\n\t\t\t\t\t\t<div class=\"elementor-container elementor-column-gap-default\">\n\t\t\t\t\t<div class=\"elementor-column elementor-col-100 elementor-inner-column elementor-element elementor-element-fc4ce14\" data-id=\"fc4ce14\" data-element_type=\"column\" data-e-type=\"column\">\n\t\t\t<div class=\"elementor-widget-wrap elementor-element-populated\">\n\t\t\t\t\t\t<div class=\"elementor-element elementor-element-aa7be7d elementor-widget elementor-widget-image\" data-id=\"aa7be7d\" data-element_type=\"widget\" data-e-type=\"widget\" data-widget_type=\"image.default\">\n\t\t\t\t<div class=\"elementor-widget-container\">\n\t\t\t\t\t\t\t\t\t\t\t\t\t\t\t<img decoding=\"async\" width=\"73\" height=\"73\" src=\"https:\/\/prodigypersonnel.com\/wp-content\/uploads\/2023\/04\/proidgy-symbol.png\" class=\"attachment-large size-large wp-image-626\" alt=\"prodigy favicon\" \/>\t\t\t\t\t\t\t\t\t\t\t\t\t\t\t<\/div>\n\t\t\t\t<\/div>\n\t\t\t\t<div class=\"elementor-element elementor-element-2f87437 elementor-widget elementor-widget-heading\" data-id=\"2f87437\" data-element_type=\"widget\" data-e-type=\"widget\" data-widget_type=\"heading.default\">\n\t\t\t\t<div class=\"elementor-widget-container\">\n\t\t\t\t\t<h1 class=\"elementor-heading-title elementor-size-default\">Votre agence pour l'emploi de confiance \u00e0 <span style=\"color: #14B5D1\">Brantford<\/span><\/h1>\t\t\t\t<\/div>\n\t\t\t\t<\/div>\n\t\t\t\t<div class=\"elementor-element elementor-element-7b92b67 elementor-widget elementor-widget-heading\" data-id=\"7b92b67\" data-element_type=\"widget\" data-e-type=\"widget\" data-widget_type=\"heading.default\">\n\t\t\t\t<div class=\"elementor-widget-container\">\n\t\t\t\t\t<h4 class=\"elementor-heading-title elementor-size-default\">En tant qu'agence pour l'emploi de longue date \u00e0 Brantford, Ontario, nous comprenons qu'il peut \u00eatre difficile de trouver les bons employ\u00e9s, en particulier lorsque vous manquez de temps et de ressources.<\/h4>\t\t\t\t<\/div>\n\t\t\t\t<\/div>\n\t\t\t\t\t<\/div>\n\t\t<\/div>\n\t\t\t\t\t<\/div>\n\t\t<\/section>\n\t\t\t\t\t<\/div>\n\t\t<\/div>\n\t\t\t\t\t<\/div>\n\t\t<\/section>\n\t\t\t\t<section class=\"elementor-section elementor-top-section elementor-element elementor-element-a632b70 elementor-section-boxed elementor-section-height-default elementor-section-height-default\" data-id=\"a632b70\" data-element_type=\"section\" data-e-type=\"section\">\n\t\t\t\t\t\t<div class=\"elementor-container elementor-column-gap-default\">\n\t\t\t\t\t<div class=\"elementor-column elementor-col-100 elementor-top-column elementor-element elementor-element-e1dea63\" data-id=\"e1dea63\" data-element_type=\"column\" data-e-type=\"column\">\n\t\t\t<div class=\"elementor-widget-wrap elementor-element-populated\">\n\t\t\t\t\t\t<div class=\"elementor-element elementor-element-5501f9e elementor-widget elementor-widget-html\" data-id=\"5501f9e\" data-element_type=\"widget\" data-e-type=\"widget\" data-widget_type=\"html.default\">\n\t\t\t\t<div class=\"elementor-widget-container\">\n\t\t\t\t\t<iframe src=\"https:\/\/www.google.com\/maps\/embed?pb=!1m14!1m8!1m3!1d11637.227009658827!2d-80.249478!3d43.182074!3m2!1i1024!2i768!4f13.1!3m3!1m2!1s0x882c65a0c74f79c3%3A0xb07b927311a2008f!2sProdigy%20Personnel%20Ltd!5e0!3m2!1sen!2sca!4v1681927639188!5m2!1sen!2sca\" width=\"600\" height=\"450\" style=\"border:0;\" allowfullscreen=\"\" loading=\"lazy\" referrerpolicy=\"no-referrer-when-downgrade\"><\/iframe>\t\t\t\t<\/div>\n\t\t\t\t<\/div>\n\t\t\t\t<div class=\"elementor-element elementor-element-0340721 elementor-widget elementor-widget-heading\" data-id=\"0340721\" data-element_type=\"widget\" data-e-type=\"widget\" data-widget_type=\"heading.default\">\n\t\t\t\t<div class=\"elementor-widget-container\">\n\t\t\t\t\t<p class=\"elementor-heading-title elementor-size-default\">Notre agence de recrutement propose des solutions de recrutement temporaire et direct \u00e0 des clients de toutes tailles, offrant diverses solutions et services aux demandeurs d'emploi et aux recruteurs. En nous concentrant sur les besoins imm\u00e9diats des employeurs et les exigences des demandeurs d'emploi, nous aidons les talents \u00e0 trouver la bonne personne !  \n<br><br>\nQue vous soyez un candidat \u00e0 la recherche de votre prochaine opportunit\u00e9 ou un employeur \u00e0 la recherche du bon candidat, nous sommes l\u00e0 pour vous aider en tant qu'agence pour l'emploi de confiance \u00e0 Brantford ! N'h\u00e9sitez pas \u00e0 contacter Prodigy pour profiter de nos services d'agence de recrutement et trouver l'emploi ou le candidat id\u00e9al !  \n<br><br>\nGr\u00e2ce \u00e0 des strat\u00e9gies \u00e9prouv\u00e9es, nos experts en recrutement ont des ann\u00e9es d'exp\u00e9rience dans la mise en relation des bonnes personnes avec les bons emplois. En tant qu'agence de recrutement \u00e0 Brantford, nous avons pass\u00e9 des ann\u00e9es \u00e0 construire notre r\u00e9seau avec les meilleurs employeurs pour vous mettre en contact avec les bonnes opportunit\u00e9s.  \n<br><br>\nNous comprenons que chaque poste est unique et que chaque candidat poss\u00e8de des atouts uniques qui correspondent \u00e0 une opportunit\u00e9 sp\u00e9cifique sur le march\u00e9. Nous prenons le temps de comprendre vos besoins sp\u00e9cifiques et travaillons sans rel\u00e2che pour trouver la meilleure solution pour votre organisation. En nous choisissant comme agence de recrutement \u00e0 Brantford, vous pouvez \u00eatre s\u00fbr que nos solutions sur mesure rendront le processus d'embauche rapide et sans probl\u00e8me. Laissez-nous vous aider \u00e0 rationaliser votre processus d'embauche et \u00e0 r\u00e9duire le stress li\u00e9 \u00e0 la dotation en personnel. Contactez-nous d\u00e8s aujourd'hui pour en savoir plus sur nos solutions de recrutement et d'emploi et sur la mani\u00e8re dont nous pouvons vous aider \u00e0 r\u00e9ussir.<\/p>\t\t\t\t<\/div>\n\t\t\t\t<\/div>\n\t\t\t\t<div class=\"elementor-element elementor-element-3b97be1 elementor-align-left elementor-widget elementor-widget-button\" data-id=\"3b97be1\" data-element_type=\"widget\" data-e-type=\"widget\" data-widget_type=\"button.default\">\n\t\t\t\t<div class=\"elementor-widget-container\">\n\t\t\t\t\t\t\t\t\t<div class=\"elementor-button-wrapper\">\n\t\t\t\t\t<a class=\"elementor-button elementor-button-link elementor-size-md\" href=\"https:\/\/prodigypersonnel.com\/why-prodigy\/\">\n\t\t\t\t\t\t<span class=\"elementor-button-content-wrapper\">\n\t\t\t\t\t\t\t\t\t<span class=\"elementor-button-text\">Pourquoi choisir Prodigy<\/span>\n\t\t\t\t\t<\/span>\n\t\t\t\t\t<\/a>\n\t\t\t\t<\/div>\n\t\t\t\t\t\t\t\t<\/div>\n\t\t\t\t<\/div>\n\t\t\t\t<div class=\"elementor-element elementor-element-6edc524 elementor-widget elementor-widget-heading\" data-id=\"6edc524\" data-element_type=\"widget\" data-e-type=\"widget\" data-widget_type=\"heading.default\">\n\t\t\t\t<div class=\"elementor-widget-container\">\n\t\t\t\t\t<h3 class=\"elementor-heading-title elementor-size-default\">Agence d'int\u00e9rim fiable \u00e0 Brantford<\/h3>\t\t\t\t<\/div>\n\t\t\t\t<\/div>\n\t\t\t\t<div class=\"elementor-element elementor-element-a002703 elementor-widget elementor-widget-heading\" data-id=\"a002703\" data-element_type=\"widget\" data-e-type=\"widget\" data-widget_type=\"heading.default\">\n\t\t\t\t<div class=\"elementor-widget-container\">\n\t\t\t\t\t<p class=\"elementor-heading-title elementor-size-default\">Notre agence d'int\u00e9rim de Brantford aide les demandeurs d'emploi \u00e0 trouver des opportunit\u00e9s temporaires \u00e0 temps partiel et \u00e0 temps plein. Que vous soyez \u00e0 la recherche de votre premier emploi ou que vous ayez plusieurs ann\u00e9es d'exp\u00e9rience, si vous avez une demande d'emploi, nous pouvons vous aider \u00e0 la satisfaire. En proposant des missions temporaires adapt\u00e9es \u00e0 votre emploi du temps, nous disposons de toutes les ressources pour vous aider \u00e0 r\u00e9ussir.  \n<br><br>\nChez Prodigy, nous nous concentrons uniquement sur votre croissance et veillons \u00e0 ce que le fardeau de l'ensemble du processus d'embauche ne repose pas sur vos \u00e9paules. Nous sommes l'une des principales agences d'int\u00e9rim de Brantford, offrant une exp\u00e9rience sophistiqu\u00e9e aux talents et aux clients, gr\u00e2ce \u00e0 divers processus de recherche et d'\u00e9valuation. Inscrivez-vous sur Prodigy d\u00e8s aujourd'hui pour trouver des opportunit\u00e9s d'int\u00e9rim flexibles.  <\/p>\t\t\t\t<\/div>\n\t\t\t\t<\/div>\n\t\t\t\t<div class=\"elementor-element elementor-element-84e0fa0 elementor-align-left elementor-widget elementor-widget-button\" data-id=\"84e0fa0\" data-element_type=\"widget\" data-e-type=\"widget\" data-widget_type=\"button.default\">\n\t\t\t\t<div class=\"elementor-widget-container\">\n\t\t\t\t\t\t\t\t\t<div class=\"elementor-button-wrapper\">\n\t\t\t\t\t<a class=\"elementor-button elementor-button-link elementor-size-md\" href=\"https:\/\/prodigypersonnel.com\/temporary-staffing\/\">\n\t\t\t\t\t\t<span class=\"elementor-button-content-wrapper\">\n\t\t\t\t\t\t\t\t\t<span class=\"elementor-button-text\">Personnel int\u00e9rimaire<\/span>\n\t\t\t\t\t<\/span>\n\t\t\t\t\t<\/a>\n\t\t\t\t<\/div>\n\t\t\t\t\t\t\t\t<\/div>\n\t\t\t\t<\/div>\n\t\t\t\t\t<\/div>\n\t\t<\/div>\n\t\t\t\t\t<\/div>\n\t\t<\/section>\n\t\t\t\t<\/div>\n\t\t","protected":false},"excerpt":{"rendered":"<p>Votre agence pour l&#8217;emploi de confiance \u00e0 Brantford En tant qu&rsquo;agence pour l&#8217;emploi de longue date \u00e0 Brantford, Ontario, nous comprenons qu&rsquo;il peut \u00eatre difficile de trouver les bons employ\u00e9s, en particulier lorsque vous manquez de temps et de ressources. Notre agence de recrutement propose des solutions de recrutement temporaire et direct \u00e0 des clients [&hellip;]<\/p>\n","protected":false},"author":1,"featured_media":0,"parent":0,"menu_order":0,"comment_status":"closed","ping_status":"closed","template":"","meta":{"footnotes":""},"class_list":["post-683","page","type-page","status-publish","hentry"],"_links":{"self":[{"href":"https:\/\/prodigypersonnel.com\/fr\/wp-json\/wp\/v2\/pages\/683","targetHints":{"allow":["GET"]}}],"collection":[{"href":"https:\/\/prodigypersonnel.com\/fr\/wp-json\/wp\/v2\/pages"}],"about":[{"href":"https:\/\/prodigypersonnel.com\/fr\/wp-json\/wp\/v2\/types\/page"}],"author":[{"embeddable":true,"href":"https:\/\/prodigypersonnel.com\/fr\/wp-json\/wp\/v2\/users\/1"}],"replies":[{"embeddable":true,"href":"https:\/\/prodigypersonnel.com\/fr\/wp-json\/wp\/v2\/comments?post=683"}],"version-history":[{"count":1,"href":"https:\/\/prodigypersonnel.com\/fr\/wp-json\/wp\/v2\/pages\/683\/revisions"}],"predecessor-version":[{"id":685,"href":"https:\/\/prodigypersonnel.com\/fr\/wp-json\/wp\/v2\/pages\/683\/revisions\/685"}],"wp:attachment":[{"href":"https:\/\/prodigypersonnel.com\/fr\/wp-json\/wp\/v2\/media?parent=683"}],"curies":[{"name":"wp","href":"https:\/\/api.w.org\/{rel}","templated":true}]}}