{"id":684,"date":"2023-04-18T19:40:41","date_gmt":"2023-04-18T19:40:41","guid":{"rendered":"https:\/\/prodigypersonnel.com\/emplacement-de-brossard\/"},"modified":"2023-07-27T19:42:59","modified_gmt":"2023-07-27T19:42:59","slug":"emplacement-de-brossard","status":"publish","type":"page","link":"https:\/\/prodigypersonnel.com\/fr\/emplacement-de-brossard\/","title":{"rendered":"Emplacement de Brossard"},"content":{"rendered":"\t\t<div data-elementor-type=\"wp-page\" data-elementor-id=\"684\" class=\"elementor elementor-684 elementor-177\" data-elementor-post-type=\"page\">\n\t\t\t\t\t\t<section class=\"elementor-section elementor-top-section elementor-element elementor-element-cd94bd0 elementor-section-boxed elementor-section-height-default elementor-section-height-default\" data-id=\"cd94bd0\" data-element_type=\"section\" data-e-type=\"section\" data-settings=\"{&quot;background_background&quot;:&quot;classic&quot;}\">\n\t\t\t\t\t\t<div class=\"elementor-container elementor-column-gap-default\">\n\t\t\t\t\t<div class=\"elementor-column elementor-col-100 elementor-top-column elementor-element elementor-element-25f58bc\" data-id=\"25f58bc\" data-element_type=\"column\" data-e-type=\"column\">\n\t\t\t<div class=\"elementor-widget-wrap elementor-element-populated\">\n\t\t\t\t\t\t<section class=\"elementor-section elementor-inner-section elementor-element elementor-element-7bcd7f2 elementor-section-boxed elementor-section-height-default elementor-section-height-default\" data-id=\"7bcd7f2\" data-element_type=\"section\" data-e-type=\"section\">\n\t\t\t\t\t\t<div class=\"elementor-container elementor-column-gap-default\">\n\t\t\t\t\t<div class=\"elementor-column elementor-col-100 elementor-inner-column elementor-element elementor-element-fc4ce14\" data-id=\"fc4ce14\" data-element_type=\"column\" data-e-type=\"column\">\n\t\t\t<div class=\"elementor-widget-wrap elementor-element-populated\">\n\t\t\t\t\t\t<div class=\"elementor-element elementor-element-aa7be7d elementor-widget elementor-widget-image\" data-id=\"aa7be7d\" data-element_type=\"widget\" data-e-type=\"widget\" data-widget_type=\"image.default\">\n\t\t\t\t<div class=\"elementor-widget-container\">\n\t\t\t\t\t\t\t\t\t\t\t\t\t\t\t<img decoding=\"async\" width=\"73\" height=\"73\" src=\"https:\/\/prodigypersonnel.com\/wp-content\/uploads\/2023\/04\/proidgy-symbol.png\" class=\"attachment-large size-large wp-image-626\" alt=\"prodigy favicon\" \/>\t\t\t\t\t\t\t\t\t\t\t\t\t\t\t<\/div>\n\t\t\t\t<\/div>\n\t\t\t\t<div class=\"elementor-element elementor-element-2f87437 elementor-widget elementor-widget-heading\" data-id=\"2f87437\" data-element_type=\"widget\" data-e-type=\"widget\" data-widget_type=\"heading.default\">\n\t\t\t\t<div class=\"elementor-widget-container\">\n\t\t\t\t\t<h1 class=\"elementor-heading-title elementor-size-default\">Agence d'emploi de premier plan \u00e0 <span style=\"color: #14B5D1\">Brossard<\/span><\/h1>\t\t\t\t<\/div>\n\t\t\t\t<\/div>\n\t\t\t\t<div class=\"elementor-element elementor-element-7b92b67 elementor-widget elementor-widget-heading\" data-id=\"7b92b67\" data-element_type=\"widget\" data-e-type=\"widget\" data-widget_type=\"heading.default\">\n\t\t\t\t<div class=\"elementor-widget-container\">\n\t\t\t\t\t<h4 class=\"elementor-heading-title elementor-size-default\">Bienvenue chez Prodigy, votre agence de placement \u00e0 Brossard, Qu\u00e9bec, pour tous vos besoins en personnel. Nous sommes sp\u00e9cialis\u00e9s dans la fourniture de services de recrutement de premier ordre aux entreprises de toutes tailles, y compris les placements temporaires et les embauches directes.<\/h4>\t\t\t\t<\/div>\n\t\t\t\t<\/div>\n\t\t\t\t\t<\/div>\n\t\t<\/div>\n\t\t\t\t\t<\/div>\n\t\t<\/section>\n\t\t\t\t\t<\/div>\n\t\t<\/div>\n\t\t\t\t\t<\/div>\n\t\t<\/section>\n\t\t\t\t<section class=\"elementor-section elementor-top-section elementor-element elementor-element-a632b70 elementor-section-boxed elementor-section-height-default elementor-section-height-default\" data-id=\"a632b70\" data-element_type=\"section\" data-e-type=\"section\">\n\t\t\t\t\t\t<div class=\"elementor-container elementor-column-gap-default\">\n\t\t\t\t\t<div class=\"elementor-column elementor-col-100 elementor-top-column elementor-element elementor-element-e1dea63\" data-id=\"e1dea63\" data-element_type=\"column\" data-e-type=\"column\">\n\t\t\t<div class=\"elementor-widget-wrap elementor-element-populated\">\n\t\t\t\t\t\t<div class=\"elementor-element elementor-element-c6f6720 elementor-widget elementor-widget-html\" data-id=\"c6f6720\" data-element_type=\"widget\" data-e-type=\"widget\" data-widget_type=\"html.default\">\n\t\t\t\t<div class=\"elementor-widget-container\">\n\t\t\t\t\t<iframe src=\"https:\/\/www.google.com\/maps\/embed?pb=!1m14!1m8!1m3!1d11192.442978245183!2d-73.464252!3d45.467573!3m2!1i1024!2i768!4f13.1!3m3!1m2!1s0x4cc905821532515d%3A0x201cf92654c9a7db!2s6300%20Av.%20Auteuil%2C%20Brossard%2C%20QC%20J4Z%203P2!5e0!3m2!1sen!2sca!4v1681927671112!5m2!1sen!2sca\" width=\"600\" height=\"450\" style=\"border:0;\" allowfullscreen=\"\" loading=\"lazy\" referrerpolicy=\"no-referrer-when-downgrade\"><\/iframe>\t\t\t\t<\/div>\n\t\t\t\t<\/div>\n\t\t\t\t<div class=\"elementor-element elementor-element-0340721 elementor-widget elementor-widget-heading\" data-id=\"0340721\" data-element_type=\"widget\" data-e-type=\"widget\" data-widget_type=\"heading.default\">\n\t\t\t\t<div class=\"elementor-widget-container\">\n\t\t\t\t\t<p class=\"elementor-heading-title elementor-size-default\">Notre objectif est d'aider les demandeurs d'emploi permanents et \u00e0 temps partiel \u00e0 trouver les postes qui correspondent le mieux \u00e0 leurs comp\u00e9tences, \u00e0 leur exp\u00e9rience et \u00e0 leurs ambitions professionnelles.  <br><br>\nNous comprenons que trouver des candidats de qualit\u00e9 peut \u00eatre une t\u00e2che ardue, c'est pourquoi nous sommes l\u00e0 pour vous aider tout au long du processus - de la recherche de candidats qualifi\u00e9s \u00e0 la gestion des entretiens avec les candidats. Notre \u00e9quipe de recruteurs sp\u00e9cialis\u00e9s travaillera en \u00e9troite collaboration avec vous pour \u00e9laborer une strat\u00e9gie de recrutement efficace qui r\u00e9ponde \u00e0 vos besoins et \u00e0 votre budget.  <br><br><\/p>\t\t\t\t<\/div>\n\t\t\t\t<\/div>\n\t\t\t\t<div class=\"elementor-element elementor-element-6edc524 elementor-widget elementor-widget-heading\" data-id=\"6edc524\" data-element_type=\"widget\" data-e-type=\"widget\" data-widget_type=\"heading.default\">\n\t\t\t\t<div class=\"elementor-widget-container\">\n\t\t\t\t\t<h3 class=\"elementor-heading-title elementor-size-default\">Services d'emploi personnalis\u00e9s<\/h3>\t\t\t\t<\/div>\n\t\t\t\t<\/div>\n\t\t\t\t<div class=\"elementor-element elementor-element-a002703 elementor-widget elementor-widget-heading\" data-id=\"a002703\" data-element_type=\"widget\" data-e-type=\"widget\" data-widget_type=\"heading.default\">\n\t\t\t\t<div class=\"elementor-widget-container\">\n\t\t\t\t\t<p class=\"elementor-heading-title elementor-size-default\">En tant que chercheur d'emploi \u00e0 Brossard ou dans les environs, nous comprenons qu'il peut \u00eatre difficile de trouver la bonne opportunit\u00e9. Que vous soyez \u00e0 la recherche d'un poste permanent ou d'un emploi \u00e0 temps partiel pour compl\u00e9ter vos revenus, nous disposons de l'expertise et des ressources n\u00e9cessaires pour vous mettre en relation avec le bon employeur.<br><br>\nNos recruteurs exp\u00e9riment\u00e9s s'efforcent de comprendre vos objectifs de carri\u00e8re, vos comp\u00e9tences et votre exp\u00e9rience afin de vous proposer une approche personnalis\u00e9e du recrutement. Notre connaissance approfondie du march\u00e9 de l'emploi \u00e0 Brossard nous permet de vous mettre en contact avec l'emploi qui correspond \u00e0 vos pr\u00e9f\u00e9rences. Nous offrons un large \u00e9ventail d'opportunit\u00e9s d'emploi dans divers secteurs, notamment l'administration, le service \u00e0 la client\u00e8le, la finance, les soins de sant\u00e9, l'informatique et bien d'autres encore.<\/p>\t\t\t\t<\/div>\n\t\t\t\t<\/div>\n\t\t\t\t<div class=\"elementor-element elementor-element-f160341 elementor-widget elementor-widget-heading\" data-id=\"f160341\" data-element_type=\"widget\" data-e-type=\"widget\" data-widget_type=\"heading.default\">\n\t\t\t\t<div class=\"elementor-widget-container\">\n\t\t\t\t\t<p class=\"elementor-heading-title elementor-size-default\">En tant qu'agence de placement de premier plan \u00e0 Brossard, nous sommes fiers de notre engagement envers l'excellence. Nos services sont con\u00e7us pour aider les demandeurs d'emploi et les employeurs \u00e0 atteindre leurs objectifs de mani\u00e8re efficace. Nous nous consacrons \u00e0 la satisfaction de nos clients et faisons tout notre possible pour que nos solutions de recrutement les satisfassent.<\/p>\t\t\t\t<\/div>\n\t\t\t\t<\/div>\n\t\t\t\t<div class=\"elementor-element elementor-element-85c1319 elementor-widget elementor-widget-text-editor\" data-id=\"85c1319\" data-element_type=\"widget\" data-e-type=\"widget\" data-widget_type=\"text-editor.default\">\n\t\t\t\t<div class=\"elementor-widget-container\">\n\t\t\t\t\t\t\t\t\t<p>Si vous cherchez une agence de placement fiable \u00e0 Brossard, ne cherchez pas plus loin que Prodigy. Contactez-nous d\u00e8s aujourd&rsquo;hui pour en savoir plus sur nos services et sur la mani\u00e8re dont nous pouvons vous aider. Appelez-nous au <a href=\"tel:5144475042\">(514) 447-5042<\/a> ou visitez notre bureau. Commen\u00e7ons ensemble votre parcours de recherche d&#8217;emploi ou d&#8217;employ\u00e9 !<\/p>\n\t\t\t\t\t\t\t\t<\/div>\n\t\t\t\t<\/div>\n\t\t\t\t<div class=\"elementor-element elementor-element-3b97be1 elementor-align-left elementor-widget elementor-widget-button\" data-id=\"3b97be1\" data-element_type=\"widget\" data-e-type=\"widget\" data-widget_type=\"button.default\">\n\t\t\t\t<div class=\"elementor-widget-container\">\n\t\t\t\t\t\t\t\t\t<div class=\"elementor-button-wrapper\">\n\t\t\t\t\t<a class=\"elementor-button elementor-button-link elementor-size-md\" href=\"https:\/\/prodigypersonnel.com\/why-prodigy\/\">\n\t\t\t\t\t\t<span class=\"elementor-button-content-wrapper\">\n\t\t\t\t\t\t\t\t\t<span class=\"elementor-button-text\">Pourquoi choisir Prodigy<\/span>\n\t\t\t\t\t<\/span>\n\t\t\t\t\t<\/a>\n\t\t\t\t<\/div>\n\t\t\t\t\t\t\t\t<\/div>\n\t\t\t\t<\/div>\n\t\t\t\t\t<\/div>\n\t\t<\/div>\n\t\t\t\t\t<\/div>\n\t\t<\/section>\n\t\t\t\t<\/div>\n\t\t","protected":false},"excerpt":{"rendered":"<p>Agence d&#8217;emploi de premier plan \u00e0 Brossard Bienvenue chez Prodigy, votre agence de placement \u00e0 Brossard, Qu\u00e9bec, pour tous vos besoins en personnel. Nous sommes sp\u00e9cialis\u00e9s dans la fourniture de services de recrutement de premier ordre aux entreprises de toutes tailles, y compris les placements temporaires et les embauches directes. Notre objectif est d&rsquo;aider les [&hellip;]<\/p>\n","protected":false},"author":1,"featured_media":0,"parent":0,"menu_order":0,"comment_status":"closed","ping_status":"closed","template":"","meta":{"footnotes":""},"class_list":["post-684","page","type-page","status-publish","hentry"],"_links":{"self":[{"href":"https:\/\/prodigypersonnel.com\/fr\/wp-json\/wp\/v2\/pages\/684","targetHints":{"allow":["GET"]}}],"collection":[{"href":"https:\/\/prodigypersonnel.com\/fr\/wp-json\/wp\/v2\/pages"}],"about":[{"href":"https:\/\/prodigypersonnel.com\/fr\/wp-json\/wp\/v2\/types\/page"}],"author":[{"embeddable":true,"href":"https:\/\/prodigypersonnel.com\/fr\/wp-json\/wp\/v2\/users\/1"}],"replies":[{"embeddable":true,"href":"https:\/\/prodigypersonnel.com\/fr\/wp-json\/wp\/v2\/comments?post=684"}],"version-history":[{"count":1,"href":"https:\/\/prodigypersonnel.com\/fr\/wp-json\/wp\/v2\/pages\/684\/revisions"}],"predecessor-version":[{"id":686,"href":"https:\/\/prodigypersonnel.com\/fr\/wp-json\/wp\/v2\/pages\/684\/revisions\/686"}],"wp:attachment":[{"href":"https:\/\/prodigypersonnel.com\/fr\/wp-json\/wp\/v2\/media?parent=684"}],"curies":[{"name":"wp","href":"https:\/\/api.w.org\/{rel}","templated":true}]}}