{"id":705,"date":"2023-04-18T19:50:50","date_gmt":"2023-04-18T19:50:50","guid":{"rendered":"https:\/\/prodigypersonnel.com\/localisation-a-montreal\/"},"modified":"2023-07-27T19:43:40","modified_gmt":"2023-07-27T19:43:40","slug":"localisation-a-montreal","status":"publish","type":"page","link":"https:\/\/prodigypersonnel.com\/fr\/localisation-a-montreal\/","title":{"rendered":"Localisation \u00e0 Montr\u00e9al"},"content":{"rendered":"\t\t<div data-elementor-type=\"wp-page\" data-elementor-id=\"705\" class=\"elementor elementor-705 elementor-196\" data-elementor-post-type=\"page\">\n\t\t\t\t\t\t<section class=\"elementor-section elementor-top-section elementor-element elementor-element-cd94bd0 elementor-section-boxed elementor-section-height-default elementor-section-height-default\" data-id=\"cd94bd0\" data-element_type=\"section\" data-e-type=\"section\" data-settings=\"{&quot;background_background&quot;:&quot;classic&quot;}\">\n\t\t\t\t\t\t<div class=\"elementor-container elementor-column-gap-default\">\n\t\t\t\t\t<div class=\"elementor-column elementor-col-100 elementor-top-column elementor-element elementor-element-25f58bc\" data-id=\"25f58bc\" data-element_type=\"column\" data-e-type=\"column\">\n\t\t\t<div class=\"elementor-widget-wrap elementor-element-populated\">\n\t\t\t\t\t\t<section class=\"elementor-section elementor-inner-section elementor-element elementor-element-7bcd7f2 elementor-section-boxed elementor-section-height-default elementor-section-height-default\" data-id=\"7bcd7f2\" data-element_type=\"section\" data-e-type=\"section\">\n\t\t\t\t\t\t<div class=\"elementor-container elementor-column-gap-default\">\n\t\t\t\t\t<div class=\"elementor-column elementor-col-100 elementor-inner-column elementor-element elementor-element-fc4ce14\" data-id=\"fc4ce14\" data-element_type=\"column\" data-e-type=\"column\">\n\t\t\t<div class=\"elementor-widget-wrap elementor-element-populated\">\n\t\t\t\t\t\t<div class=\"elementor-element elementor-element-aa7be7d elementor-widget elementor-widget-image\" data-id=\"aa7be7d\" data-element_type=\"widget\" data-e-type=\"widget\" data-widget_type=\"image.default\">\n\t\t\t\t<div class=\"elementor-widget-container\">\n\t\t\t\t\t\t\t\t\t\t\t\t\t\t\t<img decoding=\"async\" width=\"73\" height=\"73\" src=\"https:\/\/prodigypersonnel.com\/wp-content\/uploads\/2023\/04\/proidgy-symbol.png\" class=\"attachment-large size-large wp-image-626\" alt=\"prodigy favicon\" \/>\t\t\t\t\t\t\t\t\t\t\t\t\t\t\t<\/div>\n\t\t\t\t<\/div>\n\t\t\t\t<div class=\"elementor-element elementor-element-2f87437 elementor-widget elementor-widget-heading\" data-id=\"2f87437\" data-element_type=\"widget\" data-e-type=\"widget\" data-widget_type=\"heading.default\">\n\t\t\t\t<div class=\"elementor-widget-container\">\n\t\t\t\t\t<h1 class=\"elementor-heading-title elementor-size-default\">Agence d'emploi de premier plan \u00e0 <span style=\"color: #14B5D1\">Montr\u00e9al<\/span><\/h1>\t\t\t\t<\/div>\n\t\t\t\t<\/div>\n\t\t\t\t<div class=\"elementor-element elementor-element-7b92b67 elementor-widget elementor-widget-heading\" data-id=\"7b92b67\" data-element_type=\"widget\" data-e-type=\"widget\" data-widget_type=\"heading.default\">\n\t\t\t\t<div class=\"elementor-widget-container\">\n\t\t\t\t\t<h4 class=\"elementor-heading-title elementor-size-default\">Le processus de recrutement peut \u00eatre long et fastidieux, mais en tant qu'agence de placement de premier plan \u00e0 Montr\u00e9al, nous mettons \u00e0 profit notre exp\u00e9rience et nos connaissances pour aider le candidat et l'employeur \u00e0 en tirer le meilleur parti. Prodigy est une agence de recrutement \u00e0 service complet situ\u00e9e \u00e0 Montr\u00e9al, au Qu\u00e9bec, qui se sp\u00e9cialise dans les solutions de recrutement temporaire et d'embauche directe.<\/h4>\t\t\t\t<\/div>\n\t\t\t\t<\/div>\n\t\t\t\t\t<\/div>\n\t\t<\/div>\n\t\t\t\t\t<\/div>\n\t\t<\/section>\n\t\t\t\t\t<\/div>\n\t\t<\/div>\n\t\t\t\t\t<\/div>\n\t\t<\/section>\n\t\t\t\t<section class=\"elementor-section elementor-top-section elementor-element elementor-element-a632b70 elementor-section-boxed elementor-section-height-default elementor-section-height-default\" data-id=\"a632b70\" data-element_type=\"section\" data-e-type=\"section\">\n\t\t\t\t\t\t<div class=\"elementor-container elementor-column-gap-default\">\n\t\t\t\t\t<div class=\"elementor-column elementor-col-100 elementor-top-column elementor-element elementor-element-e1dea63\" data-id=\"e1dea63\" data-element_type=\"column\" data-e-type=\"column\">\n\t\t\t<div class=\"elementor-widget-wrap elementor-element-populated\">\n\t\t\t\t\t\t<div class=\"elementor-element elementor-element-b76ce05 elementor-widget elementor-widget-html\" data-id=\"b76ce05\" data-element_type=\"widget\" data-e-type=\"widget\" data-widget_type=\"html.default\">\n\t\t\t\t<div class=\"elementor-widget-container\">\n\t\t\t\t\t<iframe src=\"https:\/\/www.google.com\/maps\/embed?pb=!1m14!1m8!1m3!1d2805.1264478089875!2d-73.265823!3d45.326069!3m2!1i1024!2i768!4f13.1!3m3!1m2!1s0x4cc9a3c57a155555%3A0xab91fbf1cbeb1aa3!2s315%20Rue%20MacDonald%20Suite%20117%2C%20Saint-Jean-sur-Richelieu%2C%20QC%20J3B%208J3!5e0!3m2!1sen!2sca!4v1681927768029!5m2!1sen!2sca\" width=\"600\" height=\"450\" style=\"border:0;\" allowfullscreen=\"\" loading=\"lazy\" referrerpolicy=\"no-referrer-when-downgrade\"><\/iframe>\t\t\t\t<\/div>\n\t\t\t\t<\/div>\n\t\t\t\t<div class=\"elementor-element elementor-element-0340721 elementor-widget elementor-widget-heading\" data-id=\"0340721\" data-element_type=\"widget\" data-e-type=\"widget\" data-widget_type=\"heading.default\">\n\t\t\t\t<div class=\"elementor-widget-container\">\n\t\t\t\t\t<p class=\"elementor-heading-title elementor-size-default\">Forte de son exp\u00e9rience en mati\u00e8re d'offres d'emploi appropri\u00e9es et opportunes, notre sympathique \u00e9quipe de recruteurs assiste les demandeurs d'emploi en leur proposant des services personnalis\u00e9s qui constituent le moyen le plus efficace de trouver la personne qui leur convient le mieux.  <br><br>\nEn tant qu'agence de placement bien \u00e9tablie \u00e0 Montr\u00e9al et poss\u00e9dant une connaissance approfondie du march\u00e9 du travail local, nous sommes fiers de comprendre la valeur des meilleurs talents et d'aligner leurs comp\u00e9tences et leurs exp\u00e9riences sur les besoins des recruteurs. En tant qu'agence de recrutement \u00e0 Montr\u00e9al en qui vous pouvez avoir confiance, nous accordons une importance \u00e9gale \u00e0 nos clients et \u00e0 nos candidats en communiquant clairement et r\u00e9guli\u00e8rement, ce qui nous permet d'\u00e9tablir des relations \u00e0 long terme avec nos clients et d'obtenir des r\u00e9sultats fructueux.\n<br><br>\nEn tant qu'agence de placement de longue date \u00e0 Montr\u00e9al, nous aimons mettre en relation les entreprises et les professionnels afin d'assurer le succ\u00e8s des deux parties ! Gr\u00e2ce \u00e0 notre approche partenariale, nous avons aid\u00e9 de nombreuses entreprises prosp\u00e8res \u00e0 entrer en contact avec des candidats qualifi\u00e9s, garantissant ainsi un processus de recrutement fluide et productif. Chez Prodigy, vous pouvez \u00eatre s\u00fbr que nous pouvons vous aider \u00e0 trouver les bons talents pour votre entreprise, vous faire gagner du temps et vous fournir une gamme de solutions de recrutement, en ajoutant de la valeur \u00e0 toutes les \u00e9tapes du processus de recrutement.\n<br><br>\nSi vous \u00eates \u00e0 la recherche d'une agence de recrutement fiable \u00e0 Montr\u00e9al, ne cherchez pas plus loin que Prodigy. Collaborons pour faire de votre entreprise le succ\u00e8s qu'elle est cens\u00e9e conna\u00eetre. Nous attendons avec impatience votre r\u00e9ponse !<\/p>\t\t\t\t<\/div>\n\t\t\t\t<\/div>\n\t\t\t\t<div class=\"elementor-element elementor-element-3b97be1 elementor-align-left elementor-widget elementor-widget-button\" data-id=\"3b97be1\" data-element_type=\"widget\" data-e-type=\"widget\" data-widget_type=\"button.default\">\n\t\t\t\t<div class=\"elementor-widget-container\">\n\t\t\t\t\t\t\t\t\t<div class=\"elementor-button-wrapper\">\n\t\t\t\t\t<a class=\"elementor-button elementor-button-link elementor-size-md\" href=\"https:\/\/prodigypersonnel.com\/fr\/pourquoi-prodigy\/\">\n\t\t\t\t\t\t<span class=\"elementor-button-content-wrapper\">\n\t\t\t\t\t\t\t\t\t<span class=\"elementor-button-text\">Pourquoi choisir Prodigy<\/span>\n\t\t\t\t\t<\/span>\n\t\t\t\t\t<\/a>\n\t\t\t\t<\/div>\n\t\t\t\t\t\t\t\t<\/div>\n\t\t\t\t<\/div>\n\t\t\t\t<div class=\"elementor-element elementor-element-6edc524 elementor-widget elementor-widget-heading\" data-id=\"6edc524\" data-element_type=\"widget\" data-e-type=\"widget\" data-widget_type=\"heading.default\">\n\t\t\t\t<div class=\"elementor-widget-container\">\n\t\t\t\t\t<h3 class=\"elementor-heading-title elementor-size-default\">Agence d'int\u00e9rim r\u00e9put\u00e9e \u00e0 Montr\u00e9al<\/h3>\t\t\t\t<\/div>\n\t\t\t\t<\/div>\n\t\t\t\t<div class=\"elementor-element elementor-element-a002703 elementor-widget elementor-widget-heading\" data-id=\"a002703\" data-element_type=\"widget\" data-e-type=\"widget\" data-widget_type=\"heading.default\">\n\t\t\t\t<div class=\"elementor-widget-container\">\n\t\t\t\t\t<p class=\"elementor-heading-title elementor-size-default\">Prodigy se sp\u00e9cialise dans la compr\u00e9hension et la fourniture de solutions de recrutement personnalis\u00e9es dans tous les secteurs, y compris la logistique, la fabrication, la finance, l'administration, etc. En tant qu'organisation hautement comp\u00e9tente pour aider les candidats \u00e0 la recherche d'un emploi temporaire \u00e0 temps partiel ou \u00e0 temps plein, nous travaillons en collaboration pour aider \u00e0 pourvoir les postes rapidement et sans probl\u00e8me. Avec des solutions professionnelles, nous sommes votre agence d'int\u00e9rim qualifi\u00e9e \u00e0 Montr\u00e9al avec une solide compr\u00e9hension du march\u00e9 de l'emploi, fournissant des solutions efficaces et efficientes.  \n<br><br>\nSi vous \u00eates \u00e0 la recherche d'un processus de recrutement bien guid\u00e9, vous pouvez faire confiance \u00e0 Prodigy en tant qu'agence d'int\u00e9rim de confiance \u00e0 Montr\u00e9al. Contactez-nous d\u00e8s maintenant pour trouver l'emploi temporaire \u00e0 temps partiel ou \u00e0 temps plein qui correspond \u00e0 vos comp\u00e9tences et \u00e0 vos besoins !  <\/p>\t\t\t\t<\/div>\n\t\t\t\t<\/div>\n\t\t\t\t<div class=\"elementor-element elementor-element-84e0fa0 elementor-align-left elementor-widget elementor-widget-button\" data-id=\"84e0fa0\" data-element_type=\"widget\" data-e-type=\"widget\" data-widget_type=\"button.default\">\n\t\t\t\t<div class=\"elementor-widget-container\">\n\t\t\t\t\t\t\t\t\t<div class=\"elementor-button-wrapper\">\n\t\t\t\t\t<a class=\"elementor-button elementor-button-link elementor-size-md\" href=\"https:\/\/prodigypersonnel.com\/fr\/personnel-interimaire\/\">\n\t\t\t\t\t\t<span class=\"elementor-button-content-wrapper\">\n\t\t\t\t\t\t\t\t\t<span class=\"elementor-button-text\">Personnel int\u00e9rimaire<\/span>\n\t\t\t\t\t<\/span>\n\t\t\t\t\t<\/a>\n\t\t\t\t<\/div>\n\t\t\t\t\t\t\t\t<\/div>\n\t\t\t\t<\/div>\n\t\t\t\t\t<\/div>\n\t\t<\/div>\n\t\t\t\t\t<\/div>\n\t\t<\/section>\n\t\t\t\t<\/div>\n\t\t","protected":false},"excerpt":{"rendered":"<p>Agence d&#8217;emploi de premier plan \u00e0 Montr\u00e9al Le processus de recrutement peut \u00eatre long et fastidieux, mais en tant qu&rsquo;agence de placement de premier plan \u00e0 Montr\u00e9al, nous mettons \u00e0 profit notre exp\u00e9rience et nos connaissances pour aider le candidat et l&#8217;employeur \u00e0 en tirer le meilleur parti. Prodigy est une agence de recrutement \u00e0 [&hellip;]<\/p>\n","protected":false},"author":1,"featured_media":0,"parent":0,"menu_order":0,"comment_status":"closed","ping_status":"closed","template":"","meta":{"footnotes":""},"class_list":["post-705","page","type-page","status-publish","hentry"],"_links":{"self":[{"href":"https:\/\/prodigypersonnel.com\/fr\/wp-json\/wp\/v2\/pages\/705","targetHints":{"allow":["GET"]}}],"collection":[{"href":"https:\/\/prodigypersonnel.com\/fr\/wp-json\/wp\/v2\/pages"}],"about":[{"href":"https:\/\/prodigypersonnel.com\/fr\/wp-json\/wp\/v2\/types\/page"}],"author":[{"embeddable":true,"href":"https:\/\/prodigypersonnel.com\/fr\/wp-json\/wp\/v2\/users\/1"}],"replies":[{"embeddable":true,"href":"https:\/\/prodigypersonnel.com\/fr\/wp-json\/wp\/v2\/comments?post=705"}],"version-history":[{"count":2,"href":"https:\/\/prodigypersonnel.com\/fr\/wp-json\/wp\/v2\/pages\/705\/revisions"}],"predecessor-version":[{"id":708,"href":"https:\/\/prodigypersonnel.com\/fr\/wp-json\/wp\/v2\/pages\/705\/revisions\/708"}],"wp:attachment":[{"href":"https:\/\/prodigypersonnel.com\/fr\/wp-json\/wp\/v2\/media?parent=705"}],"curies":[{"name":"wp","href":"https:\/\/api.w.org\/{rel}","templated":true}]}}