{"id":707,"date":"2023-04-18T19:51:58","date_gmt":"2023-04-18T19:51:58","guid":{"rendered":"https:\/\/prodigypersonnel.com\/site-doxnard\/"},"modified":"2023-07-27T19:43:40","modified_gmt":"2023-07-27T19:43:40","slug":"site-doxnard","status":"publish","type":"page","link":"https:\/\/prodigypersonnel.com\/fr\/site-doxnard\/","title":{"rendered":"Site d&rsquo;Oxnard"},"content":{"rendered":"\t\t<div data-elementor-type=\"wp-page\" data-elementor-id=\"707\" class=\"elementor elementor-707 elementor-200\" data-elementor-post-type=\"page\">\n\t\t\t\t\t\t<section class=\"elementor-section elementor-top-section elementor-element elementor-element-cd94bd0 elementor-section-boxed elementor-section-height-default elementor-section-height-default\" data-id=\"cd94bd0\" data-element_type=\"section\" data-e-type=\"section\" data-settings=\"{&quot;background_background&quot;:&quot;classic&quot;}\">\n\t\t\t\t\t\t<div class=\"elementor-container elementor-column-gap-default\">\n\t\t\t\t\t<div class=\"elementor-column elementor-col-100 elementor-top-column elementor-element elementor-element-25f58bc\" data-id=\"25f58bc\" data-element_type=\"column\" data-e-type=\"column\">\n\t\t\t<div class=\"elementor-widget-wrap elementor-element-populated\">\n\t\t\t\t\t\t<section class=\"elementor-section elementor-inner-section elementor-element elementor-element-7bcd7f2 elementor-section-boxed elementor-section-height-default elementor-section-height-default\" data-id=\"7bcd7f2\" data-element_type=\"section\" data-e-type=\"section\">\n\t\t\t\t\t\t<div class=\"elementor-container elementor-column-gap-default\">\n\t\t\t\t\t<div class=\"elementor-column elementor-col-100 elementor-inner-column elementor-element elementor-element-fc4ce14\" data-id=\"fc4ce14\" data-element_type=\"column\" data-e-type=\"column\">\n\t\t\t<div class=\"elementor-widget-wrap elementor-element-populated\">\n\t\t\t\t\t\t<div class=\"elementor-element elementor-element-aa7be7d elementor-widget elementor-widget-image\" data-id=\"aa7be7d\" data-element_type=\"widget\" data-e-type=\"widget\" data-widget_type=\"image.default\">\n\t\t\t\t<div class=\"elementor-widget-container\">\n\t\t\t\t\t\t\t\t\t\t\t\t\t\t\t<img decoding=\"async\" width=\"73\" height=\"73\" src=\"https:\/\/prodigypersonnel.com\/wp-content\/uploads\/2023\/04\/proidgy-symbol.png\" class=\"attachment-large size-large wp-image-626\" alt=\"prodigy favicon\" \/>\t\t\t\t\t\t\t\t\t\t\t\t\t\t\t<\/div>\n\t\t\t\t<\/div>\n\t\t\t\t<div class=\"elementor-element elementor-element-2f87437 elementor-widget elementor-widget-heading\" data-id=\"2f87437\" data-element_type=\"widget\" data-e-type=\"widget\" data-widget_type=\"heading.default\">\n\t\t\t\t<div class=\"elementor-widget-container\">\n\t\t\t\t\t<h1 class=\"elementor-heading-title elementor-size-default\">Agence pour l'emploi de premier plan \u00e0 <span style=\"color: #14B5D1\">Oxnard, CA<\/span><\/h1>\t\t\t\t<\/div>\n\t\t\t\t<\/div>\n\t\t\t\t<div class=\"elementor-element elementor-element-7b92b67 elementor-widget elementor-widget-heading\" data-id=\"7b92b67\" data-element_type=\"widget\" data-e-type=\"widget\" data-widget_type=\"heading.default\">\n\t\t\t\t<div class=\"elementor-widget-container\">\n\t\t\t\t\t<h4 class=\"elementor-heading-title elementor-size-default\">Bienvenue chez Prodigy, votre agence pour l'emploi de confiance \u00e0 Oxnard, Californie ! Nous sommes fiers de fournir des solutions de recrutement exceptionnelles pour r\u00e9pondre aux besoins des demandeurs d'emploi et des employeurs. Notre \u00e9quipe de recruteurs exp\u00e9riment\u00e9s travaille sans rel\u00e2che pour mettre en relation des candidats qualifi\u00e9s avec les bonnes opportunit\u00e9s d'emploi. Nous avons mis en place un processus de s\u00e9lection rigoureux afin de nous assurer que nous ne pr\u00e9sentons que les meilleurs candidats pour vos postes \u00e0 pourvoir.<\/h4>\t\t\t\t<\/div>\n\t\t\t\t<\/div>\n\t\t\t\t\t<\/div>\n\t\t<\/div>\n\t\t\t\t\t<\/div>\n\t\t<\/section>\n\t\t\t\t\t<\/div>\n\t\t<\/div>\n\t\t\t\t\t<\/div>\n\t\t<\/section>\n\t\t\t\t<section class=\"elementor-section elementor-top-section elementor-element elementor-element-a632b70 elementor-section-boxed elementor-section-height-default elementor-section-height-default\" data-id=\"a632b70\" data-element_type=\"section\" data-e-type=\"section\">\n\t\t\t\t\t\t<div class=\"elementor-container elementor-column-gap-default\">\n\t\t\t\t\t<div class=\"elementor-column elementor-col-100 elementor-top-column elementor-element elementor-element-e1dea63\" data-id=\"e1dea63\" data-element_type=\"column\" data-e-type=\"column\">\n\t\t\t<div class=\"elementor-widget-wrap elementor-element-populated\">\n\t\t\t\t\t\t<div class=\"elementor-element elementor-element-d7c95ff elementor-widget elementor-widget-html\" data-id=\"d7c95ff\" data-element_type=\"widget\" data-e-type=\"widget\" data-widget_type=\"html.default\">\n\t\t\t\t<div class=\"elementor-widget-container\">\n\t\t\t\t\t<iframe src=\"https:\/\/www.google.com\/maps\/embed?pb=!1m14!1m8!1m3!1d13196.535645397827!2d-119.175985!3d34.219599!3m2!1i1024!2i768!4f13.1!3m3!1m2!1s0x80e84c4830017add%3A0xe840f2e3575aa544!2s121%20E%20Gonzales%20Rd%2C%20Oxnard%2C%20CA%2093036%2C%20USA!5e0!3m2!1sen!2sca!4v1681927790419!5m2!1sen!2sca\" width=\"600\" height=\"450\" style=\"border:0;\" allowfullscreen=\"\" loading=\"lazy\" referrerpolicy=\"no-referrer-when-downgrade\"><\/iframe>\t\t\t\t<\/div>\n\t\t\t\t<\/div>\n\t\t\t\t<div class=\"elementor-element elementor-element-0340721 elementor-widget elementor-widget-heading\" data-id=\"0340721\" data-element_type=\"widget\" data-e-type=\"widget\" data-widget_type=\"heading.default\">\n\t\t\t\t<div class=\"elementor-widget-container\">\n\t\t\t\t\t<p class=\"elementor-heading-title elementor-size-default\">En tant qu'agence pour l'emploi de premier plan \u00e0 Oxnard, nous nous engageons \u00e0 vous fournir un service personnalis\u00e9 de qualit\u00e9 in\u00e9gal\u00e9e. Que vous soyez un demandeur d'emploi \u00e0 la recherche d'un poste \u00e0 temps partiel ou \u00e0 temps plein, ou un employeur \u00e0 la recherche des meilleurs talents, notre agence de recrutement \u00e0 Oxnard vous couvre.  \n<br><br>\nEn tant que l'une des principales agences de recrutement d'Oxnard, nous comprenons que chaque client a des besoins uniques, c'est pourquoi nous adoptons une approche personnalis\u00e9e du recrutement. Notre objectif est d'aider les demandeurs d'emploi \u00e0 trouver le poste id\u00e9al correspondant \u00e0 leurs comp\u00e9tences, \u00e0 leur exp\u00e9rience et \u00e0 leurs objectifs de carri\u00e8re, tout en aidant les employeurs \u00e0 trouver le candidat id\u00e9al pour r\u00e9pondre \u00e0 leurs besoins.\n<br><br>\nNous connaissons parfaitement le march\u00e9 de l'emploi et sommes bien \u00e9quip\u00e9s pour vous aider \u00e0 d\u00e9crocher l'emploi qui correspond \u00e0 vos comp\u00e9tences et \u00e0 votre exp\u00e9rience. Que vous soyez \u00e0 la recherche d'un emploi permanent ou \u00e0 temps partiel, nous avons ce qu'il vous faut. Visitez notre agence de recrutement \u00e0 Oxnard ou appelez-nous pour en savoir plus sur la fa\u00e7on dont nous pouvons vous aider \u00e0 trouver votre prochaine opportunit\u00e9 de carri\u00e8re.<\/p>\t\t\t\t<\/div>\n\t\t\t\t<\/div>\n\t\t\t\t<div class=\"elementor-element elementor-element-3b97be1 elementor-align-left elementor-widget elementor-widget-button\" data-id=\"3b97be1\" data-element_type=\"widget\" data-e-type=\"widget\" data-widget_type=\"button.default\">\n\t\t\t\t<div class=\"elementor-widget-container\">\n\t\t\t\t\t\t\t\t\t<div class=\"elementor-button-wrapper\">\n\t\t\t\t\t<a class=\"elementor-button elementor-button-link elementor-size-md\" href=\"https:\/\/prodigypersonnel.com\/fr\/pourquoi-prodigy\/\">\n\t\t\t\t\t\t<span class=\"elementor-button-content-wrapper\">\n\t\t\t\t\t\t\t\t\t<span class=\"elementor-button-text\">Pourquoi choisir Prodigy<\/span>\n\t\t\t\t\t<\/span>\n\t\t\t\t\t<\/a>\n\t\t\t\t<\/div>\n\t\t\t\t\t\t\t\t<\/div>\n\t\t\t\t<\/div>\n\t\t\t\t<div class=\"elementor-element elementor-element-6edc524 elementor-widget elementor-widget-heading\" data-id=\"6edc524\" data-element_type=\"widget\" data-e-type=\"widget\" data-widget_type=\"heading.default\">\n\t\t\t\t<div class=\"elementor-widget-container\">\n\t\t\t\t\t<h3 class=\"elementor-heading-title elementor-size-default\">Partenaire de l'agence d'int\u00e9rim leader \u00e0 Oxnard<\/h3>\t\t\t\t<\/div>\n\t\t\t\t<\/div>\n\t\t\t\t<div class=\"elementor-element elementor-element-a002703 elementor-widget elementor-widget-heading\" data-id=\"a002703\" data-element_type=\"widget\" data-e-type=\"widget\" data-widget_type=\"heading.default\">\n\t\t\t\t<div class=\"elementor-widget-container\">\n\t\t\t\t\t<p class=\"elementor-heading-title elementor-size-default\">Vous cherchez une agence d'int\u00e9rim \u00e0 Oxnard, Californie ? Ne cherchez pas plus loin que Prodigy ! Notre service d'int\u00e9rim offre aux demandeurs d'emploi des possibilit\u00e9s d'emploi flexibles et \u00e0 court terme. Notre \u00e9quipe de recruteurs exp\u00e9riment\u00e9s a une connaissance approfondie du march\u00e9 de l'emploi et s'engage \u00e0 vous fournir les meilleurs candidats possibles pour vos besoins en personnel temporaire. Nous travaillons avec une grande vari\u00e9t\u00e9 de secteurs, de l'administration \u00e0 l'industrie en passant par l'h\u00f4tellerie, et nous nous assurons que les candidats que nous vous pr\u00e9sentons sont non seulement qualifi\u00e9s, mais qu'ils correspondent \u00e9galement \u00e0 la culture de votre entreprise.  \n<br><br>\nSi vous \u00eates \u00e0 la recherche d'un emploi temporaire, nous avons une vari\u00e9t\u00e9 de postes pour r\u00e9pondre \u00e0 vos pr\u00e9f\u00e9rences. Nous sommes passionn\u00e9s par ce que nous faisons et prenons le temps de comprendre vos aspirations professionnelles, vos comp\u00e9tences et votre exp\u00e9rience afin de vous mettre en contact avec les meilleures opportunit\u00e9s d'emploi. Faites confiance \u00e0 notre agence d'int\u00e9rim \u00e0 Oxnard pour tous vos besoins en personnel temporaire.<\/p>\t\t\t\t<\/div>\n\t\t\t\t<\/div>\n\t\t\t\t<div class=\"elementor-element elementor-element-84e0fa0 elementor-align-left elementor-widget elementor-widget-button\" data-id=\"84e0fa0\" data-element_type=\"widget\" data-e-type=\"widget\" data-widget_type=\"button.default\">\n\t\t\t\t<div class=\"elementor-widget-container\">\n\t\t\t\t\t\t\t\t\t<div class=\"elementor-button-wrapper\">\n\t\t\t\t\t<a class=\"elementor-button elementor-button-link elementor-size-md\" href=\"https:\/\/prodigypersonnel.com\/fr\/personnel-interimaire\/\">\n\t\t\t\t\t\t<span class=\"elementor-button-content-wrapper\">\n\t\t\t\t\t\t\t\t\t<span class=\"elementor-button-text\">Personnel int\u00e9rimaire<\/span>\n\t\t\t\t\t<\/span>\n\t\t\t\t\t<\/a>\n\t\t\t\t<\/div>\n\t\t\t\t\t\t\t\t<\/div>\n\t\t\t\t<\/div>\n\t\t\t\t\t<\/div>\n\t\t<\/div>\n\t\t\t\t\t<\/div>\n\t\t<\/section>\n\t\t\t\t<\/div>\n\t\t","protected":false},"excerpt":{"rendered":"<p>Agence pour l&#8217;emploi de premier plan \u00e0 Oxnard, CA Bienvenue chez Prodigy, votre agence pour l&#8217;emploi de confiance \u00e0 Oxnard, Californie ! Nous sommes fiers de fournir des solutions de recrutement exceptionnelles pour r\u00e9pondre aux besoins des demandeurs d&#8217;emploi et des employeurs. Notre \u00e9quipe de recruteurs exp\u00e9riment\u00e9s travaille sans rel\u00e2che pour mettre en relation des [&hellip;]<\/p>\n","protected":false},"author":1,"featured_media":0,"parent":0,"menu_order":0,"comment_status":"closed","ping_status":"closed","template":"","meta":{"footnotes":""},"class_list":["post-707","page","type-page","status-publish","hentry"],"_links":{"self":[{"href":"https:\/\/prodigypersonnel.com\/fr\/wp-json\/wp\/v2\/pages\/707","targetHints":{"allow":["GET"]}}],"collection":[{"href":"https:\/\/prodigypersonnel.com\/fr\/wp-json\/wp\/v2\/pages"}],"about":[{"href":"https:\/\/prodigypersonnel.com\/fr\/wp-json\/wp\/v2\/types\/page"}],"author":[{"embeddable":true,"href":"https:\/\/prodigypersonnel.com\/fr\/wp-json\/wp\/v2\/users\/1"}],"replies":[{"embeddable":true,"href":"https:\/\/prodigypersonnel.com\/fr\/wp-json\/wp\/v2\/comments?post=707"}],"version-history":[{"count":2,"href":"https:\/\/prodigypersonnel.com\/fr\/wp-json\/wp\/v2\/pages\/707\/revisions"}],"predecessor-version":[{"id":714,"href":"https:\/\/prodigypersonnel.com\/fr\/wp-json\/wp\/v2\/pages\/707\/revisions\/714"}],"wp:attachment":[{"href":"https:\/\/prodigypersonnel.com\/fr\/wp-json\/wp\/v2\/media?parent=707"}],"curies":[{"name":"wp","href":"https:\/\/api.w.org\/{rel}","templated":true}]}}