{"id":710,"date":"2023-04-18T19:53:15","date_gmt":"2023-04-18T19:53:15","guid":{"rendered":"https:\/\/prodigypersonnel.com\/localisation-a-brampton\/"},"modified":"2023-07-27T19:43:40","modified_gmt":"2023-07-27T19:43:40","slug":"localisation-a-brampton","status":"publish","type":"page","link":"https:\/\/prodigypersonnel.com\/fr\/localisation-a-brampton\/","title":{"rendered":"Localisation \u00e0 Brampton"},"content":{"rendered":"\t\t<div data-elementor-type=\"wp-page\" data-elementor-id=\"710\" class=\"elementor elementor-710 elementor-204\" data-elementor-post-type=\"page\">\n\t\t\t\t\t\t<section class=\"elementor-section elementor-top-section elementor-element elementor-element-cd94bd0 elementor-section-boxed elementor-section-height-default elementor-section-height-default\" data-id=\"cd94bd0\" data-element_type=\"section\" data-e-type=\"section\" data-settings=\"{&quot;background_background&quot;:&quot;classic&quot;}\">\n\t\t\t\t\t\t<div class=\"elementor-container elementor-column-gap-default\">\n\t\t\t\t\t<div class=\"elementor-column elementor-col-100 elementor-top-column elementor-element elementor-element-25f58bc\" data-id=\"25f58bc\" data-element_type=\"column\" data-e-type=\"column\">\n\t\t\t<div class=\"elementor-widget-wrap elementor-element-populated\">\n\t\t\t\t\t\t<section class=\"elementor-section elementor-inner-section elementor-element elementor-element-7bcd7f2 elementor-section-boxed elementor-section-height-default elementor-section-height-default\" data-id=\"7bcd7f2\" data-element_type=\"section\" data-e-type=\"section\">\n\t\t\t\t\t\t<div class=\"elementor-container elementor-column-gap-default\">\n\t\t\t\t\t<div class=\"elementor-column elementor-col-100 elementor-inner-column elementor-element elementor-element-fc4ce14\" data-id=\"fc4ce14\" data-element_type=\"column\" data-e-type=\"column\">\n\t\t\t<div class=\"elementor-widget-wrap elementor-element-populated\">\n\t\t\t\t\t\t<div class=\"elementor-element elementor-element-aa7be7d elementor-widget elementor-widget-image\" data-id=\"aa7be7d\" data-element_type=\"widget\" data-e-type=\"widget\" data-widget_type=\"image.default\">\n\t\t\t\t<div class=\"elementor-widget-container\">\n\t\t\t\t\t\t\t\t\t\t\t\t\t\t\t<img decoding=\"async\" width=\"73\" height=\"73\" src=\"https:\/\/prodigypersonnel.com\/wp-content\/uploads\/2023\/04\/proidgy-symbol.png\" class=\"attachment-large size-large wp-image-626\" alt=\"prodigy favicon\" \/>\t\t\t\t\t\t\t\t\t\t\t\t\t\t\t<\/div>\n\t\t\t\t<\/div>\n\t\t\t\t<div class=\"elementor-element elementor-element-2f87437 elementor-widget elementor-widget-heading\" data-id=\"2f87437\" data-element_type=\"widget\" data-e-type=\"widget\" data-widget_type=\"heading.default\">\n\t\t\t\t<div class=\"elementor-widget-container\">\n\t\t\t\t\t<h1 class=\"elementor-heading-title elementor-size-default\">Votre premi\u00e8re agence de placement \u00e0 <span style=\"color: #14B5D1\">Brampton<\/span><\/h1>\t\t\t\t<\/div>\n\t\t\t\t<\/div>\n\t\t\t\t<div class=\"elementor-element elementor-element-7b92b67 elementor-widget elementor-widget-heading\" data-id=\"7b92b67\" data-element_type=\"widget\" data-e-type=\"widget\" data-widget_type=\"heading.default\">\n\t\t\t\t<div class=\"elementor-widget-container\">\n\t\t\t\t\t<h4 class=\"elementor-heading-title elementor-size-default\">Bienvenue chez Prodigy, la principale agence de placement de Brampton, en Ontario ! Nous sommes sp\u00e9cialis\u00e9s dans la fourniture de solutions de recrutement temporaire et direct \u00e0 des clients de toutes tailles, y compris des demandeurs d'emploi permanents et \u00e0 temps partiel. Notre engagement est de mettre en relation les employeurs avec des employ\u00e9s potentiels qui r\u00e9pondent exactement \u00e0 leurs besoins, tout en veillant \u00e0 ce que ces candidats soient hautement qualifi\u00e9s et bien adapt\u00e9s au poste pour lequel ils postulent.<\/h4>\t\t\t\t<\/div>\n\t\t\t\t<\/div>\n\t\t\t\t\t<\/div>\n\t\t<\/div>\n\t\t\t\t\t<\/div>\n\t\t<\/section>\n\t\t\t\t\t<\/div>\n\t\t<\/div>\n\t\t\t\t\t<\/div>\n\t\t<\/section>\n\t\t\t\t<section class=\"elementor-section elementor-top-section elementor-element elementor-element-a632b70 elementor-section-boxed elementor-section-height-default elementor-section-height-default\" data-id=\"a632b70\" data-element_type=\"section\" data-e-type=\"section\">\n\t\t\t\t\t\t<div class=\"elementor-container elementor-column-gap-default\">\n\t\t\t\t\t<div class=\"elementor-column elementor-col-100 elementor-top-column elementor-element elementor-element-e1dea63\" data-id=\"e1dea63\" data-element_type=\"column\" data-e-type=\"column\">\n\t\t\t<div class=\"elementor-widget-wrap elementor-element-populated\">\n\t\t\t\t\t\t<div class=\"elementor-element elementor-element-1ec873d elementor-widget elementor-widget-html\" data-id=\"1ec873d\" data-element_type=\"widget\" data-e-type=\"widget\" data-widget_type=\"html.default\">\n\t\t\t\t<div class=\"elementor-widget-container\">\n\t\t\t\t\t<iframe src=\"https:\/\/www.google.com\/maps\/embed?pb=!1m14!1m8!1m3!1d46158.03543089927!2d-79.752805!3d43.692316!3m2!1i1024!2i768!4f13.1!3m3!1m2!1s0x882b15efa071fc87%3A0x921eaa706f0cfec0!2sProdigy%20Personnel%20Ltd!5e0!3m2!1sen!2sca!4v1681927598176!5m2!1sen!2sca\" width=\"600\" height=\"450\" style=\"border:0;\" allowfullscreen=\"\" loading=\"lazy\" referrerpolicy=\"no-referrer-when-downgrade\"><\/iframe>\t\t\t\t<\/div>\n\t\t\t\t<\/div>\n\t\t\t\t<div class=\"elementor-element elementor-element-0340721 elementor-widget elementor-widget-heading\" data-id=\"0340721\" data-element_type=\"widget\" data-e-type=\"widget\" data-widget_type=\"heading.default\">\n\t\t\t\t<div class=\"elementor-widget-container\">\n\t\t\t\t\t<p class=\"elementor-heading-title elementor-size-default\">En tant que l'une des principales agences de recrutement de Brampton, nous nous engageons \u00e0 fournir un service exceptionnel \u00e0 nos clients et aux demandeurs d'emploi. Notre vaste r\u00e9seau d'employeurs de premier plan dans la ville nous permet d'acc\u00e9der \u00e0 un large \u00e9ventail d'offres d'emploi, depuis les postes de d\u00e9butants jusqu'aux postes de direction. Notre \u00e9quipe d'experts a pour mission de veiller \u00e0 ce que chaque candidat trouve le bon emploi et \u00e0 ce que chaque client trouve le collaborateur id\u00e9al. Si vous cherchez une agence de placement fiable \u00e0 Brampton, ne cherchez pas plus loin que Prodigy.  \n<br><br>\nSi vous \u00eates un employeur \u00e0 la recherche des meilleurs talents, notre agence de recrutement de Brampton peut vous aider \u00e0 trouver le candidat id\u00e9al pour votre entreprise. Chez Prodigy, nous travaillons en \u00e9troite collaboration avec nos clients pour comprendre leurs besoins et exigences sp\u00e9cifiques. Nous prenons le temps de conna\u00eetre chaque candidat, ses comp\u00e9tences et son exp\u00e9rience afin de garantir une ad\u00e9quation parfaite avec chaque poste.  \n<br><br>\n\nContactez Prodigy, l'agence de recrutement de confiance \u00e0 Brampton, pour trouver l'emploi ou le candidat id\u00e9al ! Nous proposons des solutions de recrutement compl\u00e8tes pour vous aider \u00e0 trouver l'emploi qui correspond \u00e0 vos comp\u00e9tences et \u00e0 votre exp\u00e9rience. Nous nous engageons \u00e0 vous aider \u00e0 trouver un emploi plus rapidement et \u00e0 vous mettre en contact avec les meilleurs employeurs de la r\u00e9gion. Associez-vous d\u00e8s aujourd'hui \u00e0 une agence de recrutement r\u00e9put\u00e9e \u00e0 Brampton.<\/p>\t\t\t\t<\/div>\n\t\t\t\t<\/div>\n\t\t\t\t<div class=\"elementor-element elementor-element-3b97be1 elementor-align-left elementor-widget elementor-widget-button\" data-id=\"3b97be1\" data-element_type=\"widget\" data-e-type=\"widget\" data-widget_type=\"button.default\">\n\t\t\t\t<div class=\"elementor-widget-container\">\n\t\t\t\t\t\t\t\t\t<div class=\"elementor-button-wrapper\">\n\t\t\t\t\t<a class=\"elementor-button elementor-button-link elementor-size-md\" href=\"https:\/\/prodigypersonnel.com\/fr\/pourquoi-prodigy\/\">\n\t\t\t\t\t\t<span class=\"elementor-button-content-wrapper\">\n\t\t\t\t\t\t\t\t\t<span class=\"elementor-button-text\">Pourquoi choisir Prodigy<\/span>\n\t\t\t\t\t<\/span>\n\t\t\t\t\t<\/a>\n\t\t\t\t<\/div>\n\t\t\t\t\t\t\t\t<\/div>\n\t\t\t\t<\/div>\n\t\t\t\t<div class=\"elementor-element elementor-element-6edc524 elementor-widget elementor-widget-heading\" data-id=\"6edc524\" data-element_type=\"widget\" data-e-type=\"widget\" data-widget_type=\"heading.default\">\n\t\t\t\t<div class=\"elementor-widget-container\">\n\t\t\t\t\t<h3 class=\"elementor-heading-title elementor-size-default\">Notre agence d'int\u00e9rim \u00e0 Brampton facilite la recherche d'un emploi temporaire<\/h3>\t\t\t\t<\/div>\n\t\t\t\t<\/div>\n\t\t\t\t<div class=\"elementor-element elementor-element-a002703 elementor-widget elementor-widget-heading\" data-id=\"a002703\" data-element_type=\"widget\" data-e-type=\"widget\" data-widget_type=\"heading.default\">\n\t\t\t\t<div class=\"elementor-widget-container\">\n\t\t\t\t\t<p class=\"elementor-heading-title elementor-size-default\">En tant que l'une des principales agences d'int\u00e9rim de Brampton, nous comprenons les difficult\u00e9s que rencontrent les demandeurs d'emploi pour trouver le bon poste. C'est pourquoi nous offrons une large gamme de services d'emploi pour r\u00e9pondre aux besoins uniques de chaque demandeur d'emploi. Que vous soyez \u00e0 la recherche d'un emploi temporaire, \u00e0 temps partiel ou \u00e0 temps plein, notre \u00e9quipe d'experts peut vous aider \u00e0 trouver le poste id\u00e9al.\n<br><br>Vous cherchez une agence d'int\u00e9rim \u00e0 Brampton ? Contactez-nous pour en savoir plus sur nos services et sur la mani\u00e8re dont nous pouvons vous aider \u00e0 trouver l'emploi id\u00e9al. Inscrivez-vous aupr\u00e8s de Prodigy d\u00e8s aujourd'hui et laissez-nous vous aider \u00e0 franchir une nouvelle \u00e9tape dans votre carri\u00e8re !<\/p>\t\t\t\t<\/div>\n\t\t\t\t<\/div>\n\t\t\t\t<div class=\"elementor-element elementor-element-84e0fa0 elementor-align-left elementor-widget elementor-widget-button\" data-id=\"84e0fa0\" data-element_type=\"widget\" data-e-type=\"widget\" data-widget_type=\"button.default\">\n\t\t\t\t<div class=\"elementor-widget-container\">\n\t\t\t\t\t\t\t\t\t<div class=\"elementor-button-wrapper\">\n\t\t\t\t\t<a class=\"elementor-button elementor-button-link elementor-size-md\" href=\"https:\/\/prodigypersonnel.com\/fr\/personnel-interimaire\/\">\n\t\t\t\t\t\t<span class=\"elementor-button-content-wrapper\">\n\t\t\t\t\t\t\t\t\t<span class=\"elementor-button-text\">Personnel int\u00e9rimaire<\/span>\n\t\t\t\t\t<\/span>\n\t\t\t\t\t<\/a>\n\t\t\t\t<\/div>\n\t\t\t\t\t\t\t\t<\/div>\n\t\t\t\t<\/div>\n\t\t\t\t\t<\/div>\n\t\t<\/div>\n\t\t\t\t\t<\/div>\n\t\t<\/section>\n\t\t\t\t<\/div>\n\t\t","protected":false},"excerpt":{"rendered":"<p>Votre premi\u00e8re agence de placement \u00e0 Brampton Bienvenue chez Prodigy, la principale agence de placement de Brampton, en Ontario ! Nous sommes sp\u00e9cialis\u00e9s dans la fourniture de solutions de recrutement temporaire et direct \u00e0 des clients de toutes tailles, y compris des demandeurs d&#8217;emploi permanents et \u00e0 temps partiel. Notre engagement est de mettre en [&hellip;]<\/p>\n","protected":false},"author":1,"featured_media":0,"parent":0,"menu_order":0,"comment_status":"closed","ping_status":"closed","template":"","meta":{"footnotes":""},"class_list":["post-710","page","type-page","status-publish","hentry"],"_links":{"self":[{"href":"https:\/\/prodigypersonnel.com\/fr\/wp-json\/wp\/v2\/pages\/710","targetHints":{"allow":["GET"]}}],"collection":[{"href":"https:\/\/prodigypersonnel.com\/fr\/wp-json\/wp\/v2\/pages"}],"about":[{"href":"https:\/\/prodigypersonnel.com\/fr\/wp-json\/wp\/v2\/types\/page"}],"author":[{"embeddable":true,"href":"https:\/\/prodigypersonnel.com\/fr\/wp-json\/wp\/v2\/users\/1"}],"replies":[{"embeddable":true,"href":"https:\/\/prodigypersonnel.com\/fr\/wp-json\/wp\/v2\/comments?post=710"}],"version-history":[{"count":2,"href":"https:\/\/prodigypersonnel.com\/fr\/wp-json\/wp\/v2\/pages\/710\/revisions"}],"predecessor-version":[{"id":722,"href":"https:\/\/prodigypersonnel.com\/fr\/wp-json\/wp\/v2\/pages\/710\/revisions\/722"}],"wp:attachment":[{"href":"https:\/\/prodigypersonnel.com\/fr\/wp-json\/wp\/v2\/media?parent=710"}],"curies":[{"name":"wp","href":"https:\/\/api.w.org\/{rel}","templated":true}]}}