{"id":713,"date":"2023-06-22T19:39:44","date_gmt":"2023-06-22T19:39:44","guid":{"rendered":"https:\/\/prodigypersonnel.com\/site-de-belleville\/"},"modified":"2024-04-01T17:40:44","modified_gmt":"2024-04-01T17:40:44","slug":"site-de-belleville","status":"publish","type":"page","link":"https:\/\/prodigypersonnel.com\/fr\/site-de-belleville\/","title":{"rendered":"Site de Belleville"},"content":{"rendered":"\t\t<div data-elementor-type=\"wp-page\" data-elementor-id=\"713\" class=\"elementor elementor-713 elementor-585\" data-elementor-post-type=\"page\">\n\t\t\t\t\t\t<section class=\"elementor-section elementor-top-section elementor-element elementor-element-cd94bd0 elementor-section-boxed elementor-section-height-default elementor-section-height-default\" data-id=\"cd94bd0\" data-element_type=\"section\" data-e-type=\"section\" data-settings=\"{&quot;background_background&quot;:&quot;classic&quot;}\">\n\t\t\t\t\t\t<div class=\"elementor-container elementor-column-gap-default\">\n\t\t\t\t\t<div class=\"elementor-column elementor-col-100 elementor-top-column elementor-element elementor-element-25f58bc\" data-id=\"25f58bc\" data-element_type=\"column\" data-e-type=\"column\">\n\t\t\t<div class=\"elementor-widget-wrap elementor-element-populated\">\n\t\t\t\t\t\t<section class=\"elementor-section elementor-inner-section elementor-element elementor-element-7bcd7f2 elementor-section-boxed elementor-section-height-default elementor-section-height-default\" data-id=\"7bcd7f2\" data-element_type=\"section\" data-e-type=\"section\">\n\t\t\t\t\t\t<div class=\"elementor-container elementor-column-gap-default\">\n\t\t\t\t\t<div class=\"elementor-column elementor-col-100 elementor-inner-column elementor-element elementor-element-fc4ce14\" data-id=\"fc4ce14\" data-element_type=\"column\" data-e-type=\"column\">\n\t\t\t<div class=\"elementor-widget-wrap elementor-element-populated\">\n\t\t\t\t\t\t<div class=\"elementor-element elementor-element-aa7be7d elementor-widget elementor-widget-image\" data-id=\"aa7be7d\" data-element_type=\"widget\" data-e-type=\"widget\" data-widget_type=\"image.default\">\n\t\t\t\t<div class=\"elementor-widget-container\">\n\t\t\t\t\t\t\t\t\t\t\t\t\t\t\t<img decoding=\"async\" width=\"73\" height=\"73\" src=\"https:\/\/prodigypersonnel.com\/wp-content\/uploads\/2023\/04\/proidgy-symbol.png\" class=\"attachment-large size-large wp-image-626\" alt=\"prodigy favicon\" \/>\t\t\t\t\t\t\t\t\t\t\t\t\t\t\t<\/div>\n\t\t\t\t<\/div>\n\t\t\t\t<div class=\"elementor-element elementor-element-2f87437 elementor-widget elementor-widget-heading\" data-id=\"2f87437\" data-element_type=\"widget\" data-e-type=\"widget\" data-widget_type=\"heading.default\">\n\t\t\t\t<div class=\"elementor-widget-container\">\n\t\t\t\t\t<h1 class=\"elementor-heading-title elementor-size-default\">Agence pour l'emploi de premier plan \u00e0 <span style=\"color: #14B5D1\">Belleville, ON<\/span><\/h1>\t\t\t\t<\/div>\n\t\t\t\t<\/div>\n\t\t\t\t<div class=\"elementor-element elementor-element-7b92b67 elementor-widget elementor-widget-heading\" data-id=\"7b92b67\" data-element_type=\"widget\" data-e-type=\"widget\" data-widget_type=\"heading.default\">\n\t\t\t\t<div class=\"elementor-widget-container\">\n\t\t\t\t\t<h4 class=\"elementor-heading-title elementor-size-default\">Prodigy est une agence pour l'emploi renomm\u00e9e qui s'engage \u00e0 offrir des services sp\u00e9cialis\u00e9s adapt\u00e9s aux demandeurs d'emploi et aux employeurs de la r\u00e9gion. Notre expertise en mati\u00e8re de dotation et de recrutement nous permet d'associer syst\u00e9matiquement les bons talents aux bonnes organisations, en aidant les demandeurs d'emploi permanents et \u00e0 temps partiel \u00e0 atteindre leurs objectifs de carri\u00e8re.<\/h4>\t\t\t\t<\/div>\n\t\t\t\t<\/div>\n\t\t\t\t\t<\/div>\n\t\t<\/div>\n\t\t\t\t\t<\/div>\n\t\t<\/section>\n\t\t\t\t\t<\/div>\n\t\t<\/div>\n\t\t\t\t\t<\/div>\n\t\t<\/section>\n\t\t\t\t<section class=\"elementor-section elementor-top-section elementor-element elementor-element-a632b70 elementor-section-boxed elementor-section-height-default elementor-section-height-default\" data-id=\"a632b70\" data-element_type=\"section\" data-e-type=\"section\">\n\t\t\t\t\t\t<div class=\"elementor-container elementor-column-gap-default\">\n\t\t\t\t\t<div class=\"elementor-column elementor-col-100 elementor-top-column elementor-element elementor-element-e1dea63\" data-id=\"e1dea63\" data-element_type=\"column\" data-e-type=\"column\">\n\t\t\t<div class=\"elementor-widget-wrap elementor-element-populated\">\n\t\t\t\t\t\t<div class=\"elementor-element elementor-element-b1e95e8 elementor-widget elementor-widget-google_maps\" data-id=\"b1e95e8\" data-element_type=\"widget\" data-e-type=\"widget\" data-widget_type=\"google_maps.default\">\n\t\t\t\t<div class=\"elementor-widget-container\">\n\t\t\t\t\t\t\t<div class=\"elementor-custom-embed\">\n\t\t\t<iframe loading=\"lazy\"\n\t\t\t\t\tsrc=\"https:\/\/maps.google.com\/maps?q=144%20North%20Front%20Street%2C%20Unit%203%2C%20Belleville%2C%20ON%2C%20K8P%203B6&#038;t=m&#038;z=12&#038;output=embed&#038;iwloc=near\"\n\t\t\t\t\ttitle=\"144 North Front Street, Unit 3, Belleville, ON, K8P 3B6\"\n\t\t\t\t\taria-label=\"144 North Front Street, Unit 3, Belleville, ON, K8P 3B6\"\n\t\t\t><\/iframe>\n\t\t<\/div>\n\t\t\t\t\t\t<\/div>\n\t\t\t\t<\/div>\n\t\t\t\t<div class=\"elementor-element elementor-element-6edc524 elementor-widget elementor-widget-heading\" data-id=\"6edc524\" data-element_type=\"widget\" data-e-type=\"widget\" data-widget_type=\"heading.default\">\n\t\t\t\t<div class=\"elementor-widget-container\">\n\t\t\t\t\t<h3 class=\"elementor-heading-title elementor-size-default\">Pourquoi un partenariat avec Prodigy ?<\/h3>\t\t\t\t<\/div>\n\t\t\t\t<\/div>\n\t\t\t\t<div class=\"elementor-element elementor-element-0340721 elementor-widget elementor-widget-heading\" data-id=\"0340721\" data-element_type=\"widget\" data-e-type=\"widget\" data-widget_type=\"heading.default\">\n\t\t\t\t<div class=\"elementor-widget-container\">\n\t\t\t\t\t<p class=\"elementor-heading-title elementor-size-default\">Notre \u00e9quipe d'experts en recrutement comprend l'importance de trouver la personne la mieux adapt\u00e9e \u00e0 vos besoins particuliers. En vous associant \u00e0 notre agence d'int\u00e9rim \u00e0 Belleville, vous pouvez \u00eatre s\u00fbr que nous vous fournirons des candidats exceptionnels qui sont d\u00e9termin\u00e9s \u00e0 contribuer au succ\u00e8s de votre organisation.<br><br>\nNous offrons une gamme de solutions de recrutement, y compris des placements temporaires, contractuels et permanents, pour r\u00e9pondre aux besoins de divers secteurs. Notre agence pour l'emploi \u00e0 Belleville s'efforce de fournir un service in\u00e9gal\u00e9, en veillant \u00e0 ce que nos clients et nos candidats se sentent soutenus tout au long du processus de recrutement.<br><br>\nRejoignez le nombre croissant de demandeurs d'emploi et d'employeurs qui ont fait confiance \u00e0 Prodigy en tant qu'agence pour l'emploi \u00e0 Belleville. Laissez-nous vous aider \u00e0 atteindre vos objectifs professionnels ou commerciaux gr\u00e2ce \u00e0 nos solutions de recrutement sp\u00e9cialis\u00e9es et expertes.<\/p>\t\t\t\t<\/div>\n\t\t\t\t<\/div>\n\t\t\t\t<div class=\"elementor-element elementor-element-3b97be1 elementor-align-left elementor-widget elementor-widget-button\" data-id=\"3b97be1\" data-element_type=\"widget\" data-e-type=\"widget\" data-widget_type=\"button.default\">\n\t\t\t\t<div class=\"elementor-widget-container\">\n\t\t\t\t\t\t\t\t\t<div class=\"elementor-button-wrapper\">\n\t\t\t\t\t<a class=\"elementor-button elementor-button-link elementor-size-md\" href=\"https:\/\/prodigypersonnel.com\/fr\/sinscrire\/\">\n\t\t\t\t\t\t<span class=\"elementor-button-content-wrapper\">\n\t\t\t\t\t\t\t\t\t<span class=\"elementor-button-text\">Pourquoi choisir Prodigy<\/span>\n\t\t\t\t\t<\/span>\n\t\t\t\t\t<\/a>\n\t\t\t\t<\/div>\n\t\t\t\t\t\t\t\t<\/div>\n\t\t\t\t<\/div>\n\t\t\t\t<div class=\"elementor-element elementor-element-768716c elementor-widget elementor-widget-heading\" data-id=\"768716c\" data-element_type=\"widget\" data-e-type=\"widget\" data-widget_type=\"heading.default\">\n\t\t\t\t<div class=\"elementor-widget-container\">\n\t\t\t\t\t<h3 class=\"elementor-heading-title elementor-size-default\">Des valeurs fondamentales qui nous distinguent<\/h3>\t\t\t\t<\/div>\n\t\t\t\t<\/div>\n\t\t\t\t<div class=\"elementor-element elementor-element-a002703 elementor-widget elementor-widget-heading\" data-id=\"a002703\" data-element_type=\"widget\" data-e-type=\"widget\" data-widget_type=\"heading.default\">\n\t\t\t\t<div class=\"elementor-widget-container\">\n\t\t\t\t\t<p class=\"elementor-heading-title elementor-size-default\">Dans notre agence de recrutement de Belleville, nous nous imposons les normes les plus \u00e9lev\u00e9es, guid\u00e9s par nos valeurs fondamentales :<\/p>\t\t\t\t<\/div>\n\t\t\t\t<\/div>\n\t\t\t\t<div class=\"elementor-element elementor-element-c70e424 elementor-widget elementor-widget-text-editor\" data-id=\"c70e424\" data-element_type=\"widget\" data-e-type=\"widget\" data-widget_type=\"text-editor.default\">\n\t\t\t\t<div class=\"elementor-widget-container\">\n\t\t\t\t\t\t\t\t\t<ul>\n<li>\n<p><b>Responsables<\/b> &#8211; Nous assumons la responsabilit\u00e9 de nos actions et de nos d\u00e9cisions, en nous effor\u00e7ant de d\u00e9passer les attentes.<\/p>\n<\/li>\n<li>\n<p><b>Bienveillance<\/b> &#8211; Nous nous soucions v\u00e9ritablement du bien-\u00eatre et de la r\u00e9ussite de nos clients, de nos candidats et des membres de notre \u00e9quipe.<\/p>\n<\/li>\n<li>\n<p><b>Conformit\u00e9<\/b> &#8211; Nous respectons toutes les directives l\u00e9gales et \u00e9thiques tout en fournissant des solutions de recrutement de premier ordre.<\/p>\n<\/li>\n<li>\n<p><b>Proactive<\/b> &#8211; Nous anticipons les besoins de nos clients et de nos candidats, en restant \u00e0 l&rsquo;aff\u00fbt des tendances du secteur.<\/p>\n<\/li>\n<li>\n<p><b>Partenariat<\/b> &#8211; Nous favorisons des relations durables fond\u00e9es sur la confiance et le respect mutuel.<\/p>\n<\/li>\n<li>\n<p><b>Diversit\u00e9<\/b> &#8211; Nous c\u00e9l\u00e9brons les perspectives et les exp\u00e9riences uniques de nos clients, de nos candidats et de notre \u00e9quipe.<\/p>\n<\/li>\n<li>\n<p><b>Fun<\/b> &#8211; Nous croyons en la cr\u00e9ation d&rsquo;un environnement de travail positif et agr\u00e9able pour tous.<\/p>\n<\/li>\n<\/ul>\n\t\t\t\t\t\t\t\t<\/div>\n\t\t\t\t<\/div>\n\t\t\t\t<div class=\"elementor-element elementor-element-c8051c7 elementor-widget elementor-widget-heading\" data-id=\"c8051c7\" data-element_type=\"widget\" data-e-type=\"widget\" data-widget_type=\"heading.default\">\n\t\t\t\t<div class=\"elementor-widget-container\">\n\t\t\t\t\t<h3 class=\"elementor-heading-title elementor-size-default\">Lib\u00e9rez votre potentiel de carri\u00e8re avec notre agence d'int\u00e9rim \u00e0 Belleville<\/h3>\t\t\t\t<\/div>\n\t\t\t\t<\/div>\n\t\t\t\t<div class=\"elementor-element elementor-element-650d4ed elementor-widget elementor-widget-heading\" data-id=\"650d4ed\" data-element_type=\"widget\" data-e-type=\"widget\" data-widget_type=\"heading.default\">\n\t\t\t\t<div class=\"elementor-widget-container\">\n\t\t\t\t\t<p class=\"elementor-heading-title elementor-size-default\">Chez Prodigy, nous sommes fiers d'aider les demandeurs d'emploi \u00e0 lib\u00e9rer tout leur potentiel en les mettant en contact avec diverses opportunit\u00e9s. Que vous soyez \u00e0 la recherche d'un poste \u00e0 temps partiel ou d'un poste permanent, notre agence d'int\u00e9rim de Belleville s'efforce de trouver l'emploi qui correspond parfaitement \u00e0 vos comp\u00e9tences et \u00e0 vos aspirations.<\/p>\t\t\t\t<\/div>\n\t\t\t\t<\/div>\n\t\t\t\t<div class=\"elementor-element elementor-element-84e0fa0 elementor-align-left elementor-widget elementor-widget-button\" data-id=\"84e0fa0\" data-element_type=\"widget\" data-e-type=\"widget\" data-widget_type=\"button.default\">\n\t\t\t\t<div class=\"elementor-widget-container\">\n\t\t\t\t\t\t\t\t\t<div class=\"elementor-button-wrapper\">\n\t\t\t\t\t<a class=\"elementor-button elementor-button-link elementor-size-md\" href=\"https:\/\/prodigypersonnel.com\/fr\/personnel-interimaire\/\">\n\t\t\t\t\t\t<span class=\"elementor-button-content-wrapper\">\n\t\t\t\t\t\t\t\t\t<span class=\"elementor-button-text\">Personnel int\u00e9rimaire<\/span>\n\t\t\t\t\t<\/span>\n\t\t\t\t\t<\/a>\n\t\t\t\t<\/div>\n\t\t\t\t\t\t\t\t<\/div>\n\t\t\t\t<\/div>\n\t\t\t\t<div class=\"elementor-element elementor-element-9d94fc6 elementor-widget elementor-widget-heading\" data-id=\"9d94fc6\" data-element_type=\"widget\" data-e-type=\"widget\" data-widget_type=\"heading.default\">\n\t\t\t\t<div class=\"elementor-widget-container\">\n\t\t\t\t\t<h3 class=\"elementor-heading-title elementor-size-default\">Trouvez les meilleurs talents gr\u00e2ce \u00e0 notre agence de recrutement \u00e0 Belleville<\/h3>\t\t\t\t<\/div>\n\t\t\t\t<\/div>\n\t\t\t\t<div class=\"elementor-element elementor-element-e7ea18b elementor-widget elementor-widget-heading\" data-id=\"e7ea18b\" data-element_type=\"widget\" data-e-type=\"widget\" data-widget_type=\"heading.default\">\n\t\t\t\t<div class=\"elementor-widget-container\">\n\t\t\t\t\t<p class=\"elementor-heading-title elementor-size-default\">Laissez nos recruteurs experts s'occuper de la t\u00e2che fastidieuse qui consiste \u00e0 trouver les bons talents pour votre organisation. En vous associant \u00e0 notre agence de recrutement de Belleville, vous pouvez vous concentrer sur ce qui compte vraiment : la croissance de votre entreprise. Trouvez les meilleurs talents \u00e0 Belleville avec Prodigy.<\/p>\t\t\t\t<\/div>\n\t\t\t\t<\/div>\n\t\t\t\t<div class=\"elementor-element elementor-element-ae2e684 elementor-align-left elementor-widget elementor-widget-button\" data-id=\"ae2e684\" data-element_type=\"widget\" data-e-type=\"widget\" data-widget_type=\"button.default\">\n\t\t\t\t<div class=\"elementor-widget-container\">\n\t\t\t\t\t\t\t\t\t<div class=\"elementor-button-wrapper\">\n\t\t\t\t\t<a class=\"elementor-button elementor-button-link elementor-size-md\" href=\"https:\/\/prodigypersonnel.com\/fr\/employeurs\/\">\n\t\t\t\t\t\t<span class=\"elementor-button-content-wrapper\">\n\t\t\t\t\t\t\t\t\t<span class=\"elementor-button-text\">Personnel int\u00e9rimaire<\/span>\n\t\t\t\t\t<\/span>\n\t\t\t\t\t<\/a>\n\t\t\t\t<\/div>\n\t\t\t\t\t\t\t\t<\/div>\n\t\t\t\t<\/div>\n\t\t\t\t\t<\/div>\n\t\t<\/div>\n\t\t\t\t\t<\/div>\n\t\t<\/section>\n\t\t\t\t<\/div>\n\t\t","protected":false},"excerpt":{"rendered":"<p>Agence pour l&#8217;emploi de premier plan \u00e0 Belleville, ON Prodigy est une agence pour l&#8217;emploi renomm\u00e9e qui s&rsquo;engage \u00e0 offrir des services sp\u00e9cialis\u00e9s adapt\u00e9s aux demandeurs d&#8217;emploi et aux employeurs de la r\u00e9gion. Notre expertise en mati\u00e8re de dotation et de recrutement nous permet d&rsquo;associer syst\u00e9matiquement les bons talents aux bonnes organisations, en aidant les [&hellip;]<\/p>\n","protected":false},"author":1,"featured_media":0,"parent":0,"menu_order":0,"comment_status":"closed","ping_status":"closed","template":"","meta":{"footnotes":""},"class_list":["post-713","page","type-page","status-publish","hentry"],"_links":{"self":[{"href":"https:\/\/prodigypersonnel.com\/fr\/wp-json\/wp\/v2\/pages\/713","targetHints":{"allow":["GET"]}}],"collection":[{"href":"https:\/\/prodigypersonnel.com\/fr\/wp-json\/wp\/v2\/pages"}],"about":[{"href":"https:\/\/prodigypersonnel.com\/fr\/wp-json\/wp\/v2\/types\/page"}],"author":[{"embeddable":true,"href":"https:\/\/prodigypersonnel.com\/fr\/wp-json\/wp\/v2\/users\/1"}],"replies":[{"embeddable":true,"href":"https:\/\/prodigypersonnel.com\/fr\/wp-json\/wp\/v2\/comments?post=713"}],"version-history":[{"count":3,"href":"https:\/\/prodigypersonnel.com\/fr\/wp-json\/wp\/v2\/pages\/713\/revisions"}],"predecessor-version":[{"id":1132,"href":"https:\/\/prodigypersonnel.com\/fr\/wp-json\/wp\/v2\/pages\/713\/revisions\/1132"}],"wp:attachment":[{"href":"https:\/\/prodigypersonnel.com\/fr\/wp-json\/wp\/v2\/media?parent=713"}],"curies":[{"name":"wp","href":"https:\/\/api.w.org\/{rel}","templated":true}]}}