{"id":742,"date":"2023-06-06T15:01:28","date_gmt":"2023-06-06T15:01:28","guid":{"rendered":"https:\/\/prodigypersonnel.com\/localisation-dans-lohio\/"},"modified":"2023-07-27T19:43:42","modified_gmt":"2023-07-27T19:43:42","slug":"localisation-dans-lohio","status":"publish","type":"page","link":"https:\/\/prodigypersonnel.com\/fr\/localisation-dans-lohio\/","title":{"rendered":"Localisation dans l&rsquo;Ohio"},"content":{"rendered":"\t\t<div data-elementor-type=\"wp-page\" data-elementor-id=\"742\" class=\"elementor elementor-742 elementor-510\" data-elementor-post-type=\"page\">\n\t\t\t\t\t\t<section class=\"elementor-section elementor-top-section elementor-element elementor-element-cd94bd0 elementor-section-boxed elementor-section-height-default elementor-section-height-default\" data-id=\"cd94bd0\" data-element_type=\"section\" data-e-type=\"section\" data-settings=\"{&quot;background_background&quot;:&quot;classic&quot;}\">\n\t\t\t\t\t\t<div class=\"elementor-container elementor-column-gap-default\">\n\t\t\t\t\t<div class=\"elementor-column elementor-col-100 elementor-top-column elementor-element elementor-element-25f58bc\" data-id=\"25f58bc\" data-element_type=\"column\" data-e-type=\"column\">\n\t\t\t<div class=\"elementor-widget-wrap elementor-element-populated\">\n\t\t\t\t\t\t<section class=\"elementor-section elementor-inner-section elementor-element elementor-element-7bcd7f2 elementor-section-boxed elementor-section-height-default elementor-section-height-default\" data-id=\"7bcd7f2\" data-element_type=\"section\" data-e-type=\"section\">\n\t\t\t\t\t\t<div class=\"elementor-container elementor-column-gap-default\">\n\t\t\t\t\t<div class=\"elementor-column elementor-col-100 elementor-inner-column elementor-element elementor-element-fc4ce14\" data-id=\"fc4ce14\" data-element_type=\"column\" data-e-type=\"column\">\n\t\t\t<div class=\"elementor-widget-wrap elementor-element-populated\">\n\t\t\t\t\t\t<div class=\"elementor-element elementor-element-aa7be7d elementor-widget elementor-widget-image\" data-id=\"aa7be7d\" data-element_type=\"widget\" data-e-type=\"widget\" data-widget_type=\"image.default\">\n\t\t\t\t<div class=\"elementor-widget-container\">\n\t\t\t\t\t\t\t\t\t\t\t\t\t\t\t<img decoding=\"async\" width=\"73\" height=\"73\" src=\"https:\/\/prodigypersonnel.com\/wp-content\/uploads\/2023\/04\/proidgy-symbol.png\" class=\"attachment-large size-large wp-image-626\" alt=\"prodigy favicon\" \/>\t\t\t\t\t\t\t\t\t\t\t\t\t\t\t<\/div>\n\t\t\t\t<\/div>\n\t\t\t\t<div class=\"elementor-element elementor-element-2f87437 elementor-widget elementor-widget-heading\" data-id=\"2f87437\" data-element_type=\"widget\" data-e-type=\"widget\" data-widget_type=\"heading.default\">\n\t\t\t\t<div class=\"elementor-widget-container\">\n\t\t\t\t\t<h1 class=\"elementor-heading-title elementor-size-default\">Agence pour l'emploi \u00e0 <span style=\"color: #14B5D1\">Columbus, OH<\/span><\/h1>\t\t\t\t<\/div>\n\t\t\t\t<\/div>\n\t\t\t\t<div class=\"elementor-element elementor-element-7b92b67 elementor-widget elementor-widget-heading\" data-id=\"7b92b67\" data-element_type=\"widget\" data-e-type=\"widget\" data-widget_type=\"heading.default\">\n\t\t\t\t<div class=\"elementor-widget-container\">\n\t\t\t\t\t<h4 class=\"elementor-heading-title elementor-size-default\">Chez Prodigy, nous sommes fiers d'\u00eatre une agence de placement de premier plan \u00e0 Columbus, offrant des solutions personnalis\u00e9es et professionnelles aux demandeurs d'emploi et aux employeurs. Notre agence de l'Ohio s'attache \u00e0 fournir un service exceptionnel \u00e0 la communaut\u00e9 locale, en veillant \u00e0 ce que nos clients et nos collaborateurs se sentent \u00e9cout\u00e9s, valoris\u00e9s et soutenus tout au long du processus de recrutement.<\/h4>\t\t\t\t<\/div>\n\t\t\t\t<\/div>\n\t\t\t\t\t<\/div>\n\t\t<\/div>\n\t\t\t\t\t<\/div>\n\t\t<\/section>\n\t\t\t\t\t<\/div>\n\t\t<\/div>\n\t\t\t\t\t<\/div>\n\t\t<\/section>\n\t\t\t\t<section class=\"elementor-section elementor-top-section elementor-element elementor-element-a632b70 elementor-section-boxed elementor-section-height-default elementor-section-height-default\" data-id=\"a632b70\" data-element_type=\"section\" data-e-type=\"section\">\n\t\t\t\t\t\t<div class=\"elementor-container elementor-column-gap-default\">\n\t\t\t\t\t<div class=\"elementor-column elementor-col-100 elementor-top-column elementor-element elementor-element-e1dea63\" data-id=\"e1dea63\" data-element_type=\"column\" data-e-type=\"column\">\n\t\t\t<div class=\"elementor-widget-wrap elementor-element-populated\">\n\t\t\t\t\t\t<div class=\"elementor-element elementor-element-40f7993 elementor-widget elementor-widget-google_maps\" data-id=\"40f7993\" data-element_type=\"widget\" data-e-type=\"widget\" data-widget_type=\"google_maps.default\">\n\t\t\t\t<div class=\"elementor-widget-container\">\n\t\t\t\t\t\t\t<div class=\"elementor-custom-embed\">\n\t\t\t<iframe loading=\"lazy\"\n\t\t\t\t\tsrc=\"https:\/\/maps.google.com\/maps?q=3595%20E%20Main%20Street%2C%20Columbus%2C%20OH%2043213&#038;t=m&#038;z=10&#038;output=embed&#038;iwloc=near\"\n\t\t\t\t\ttitle=\"3595 E Main Street, Columbus, OH 43213\"\n\t\t\t\t\taria-label=\"3595 E Main Street, Columbus, OH 43213\"\n\t\t\t><\/iframe>\n\t\t<\/div>\n\t\t\t\t\t\t<\/div>\n\t\t\t\t<\/div>\n\t\t\t\t<div class=\"elementor-element elementor-element-0340721 elementor-widget elementor-widget-heading\" data-id=\"0340721\" data-element_type=\"widget\" data-e-type=\"widget\" data-widget_type=\"heading.default\">\n\t\t\t\t<div class=\"elementor-widget-container\">\n\t\t\t\t\t<p class=\"elementor-heading-title elementor-size-default\">Nos valeurs fondamentales - <b>responsabilit\u00e9, attention, conformit\u00e9, proactivit\u00e9, partenariat, diversit\u00e9 et plaisir<\/b> - nous distinguent des autres agences de recrutement de Columbus.<br><br>\nRejoignez les innombrables demandeurs d'emploi et employeurs qui ont fait confiance \u00e0 Prodigy en tant qu'agence pour l'emploi \u00e0 Columbus, OH. Laissez-nous vous aider \u00e0 atteindre vos objectifs professionnels ou de carri\u00e8re gr\u00e2ce \u00e0 nos solutions de recrutement personnalis\u00e9es et professionnelles.<\/p>\t\t\t\t<\/div>\n\t\t\t\t<\/div>\n\t\t\t\t<div class=\"elementor-element elementor-element-3b97be1 elementor-align-left elementor-widget elementor-widget-button\" data-id=\"3b97be1\" data-element_type=\"widget\" data-e-type=\"widget\" data-widget_type=\"button.default\">\n\t\t\t\t<div class=\"elementor-widget-container\">\n\t\t\t\t\t\t\t\t\t<div class=\"elementor-button-wrapper\">\n\t\t\t\t\t<a class=\"elementor-button elementor-button-link elementor-size-md\" href=\"https:\/\/prodigypersonnel.com\/why-prodigy\/\">\n\t\t\t\t\t\t<span class=\"elementor-button-content-wrapper\">\n\t\t\t\t\t\t\t\t\t<span class=\"elementor-button-text\">Pourquoi choisir Prodigy<\/span>\n\t\t\t\t\t<\/span>\n\t\t\t\t\t<\/a>\n\t\t\t\t<\/div>\n\t\t\t\t\t\t\t\t<\/div>\n\t\t\t\t<\/div>\n\t\t\t\t<div class=\"elementor-element elementor-element-6edc524 elementor-widget elementor-widget-heading\" data-id=\"6edc524\" data-element_type=\"widget\" data-e-type=\"widget\" data-widget_type=\"heading.default\">\n\t\t\t\t<div class=\"elementor-widget-container\">\n\t\t\t\t\t<h3 class=\"elementor-heading-title elementor-size-default\">Vous \u00eates un employeur \u00e0 la recherche de candidats qualifi\u00e9s ?<\/h3>\t\t\t\t<\/div>\n\t\t\t\t<\/div>\n\t\t\t\t<div class=\"elementor-element elementor-element-a5ad4b4 elementor-widget elementor-widget-heading\" data-id=\"a5ad4b4\" data-element_type=\"widget\" data-e-type=\"widget\" data-widget_type=\"heading.default\">\n\t\t\t\t<div class=\"elementor-widget-container\">\n\t\t\t\t\t<p class=\"elementor-heading-title elementor-size-default\">Notre agence de recrutement \u00e0 Columbus s'engage \u00e0 aider les entreprises locales \u00e0 trouver les candidats id\u00e9aux pour leurs postes vacants. Nous comprenons que le succ\u00e8s de votre entreprise d\u00e9pend du talent et du d\u00e9vouement de vos employ\u00e9s. C'est pourquoi nous nous donnons pour mission de vous mettre en relation avec les candidats les plus aptes \u00e0 r\u00e9pondre \u00e0 vos besoins sp\u00e9cifiques.<br><br>\nEn vous associant \u00e0 notre agence de recrutement de Columbus, vous pouvez \u00eatre s\u00fbr que nos recruteurs exp\u00e9riment\u00e9s vous fourniront les meilleurs talents, ce qui vous permettra de gagner du temps et d'\u00e9conomiser des ressources. Laissez-nous nous occuper du processus de recrutement pour que vous puissiez vous concentrer sur ce que vous faites le mieux : d\u00e9velopper votre entreprise.<\/p>\t\t\t\t<\/div>\n\t\t\t\t<\/div>\n\t\t\t\t<div class=\"elementor-element elementor-element-d8a2c17 elementor-align-left elementor-widget elementor-widget-button\" data-id=\"d8a2c17\" data-element_type=\"widget\" data-e-type=\"widget\" data-widget_type=\"button.default\">\n\t\t\t\t<div class=\"elementor-widget-container\">\n\t\t\t\t\t\t\t\t\t<div class=\"elementor-button-wrapper\">\n\t\t\t\t\t<a class=\"elementor-button elementor-button-link elementor-size-md\" href=\"https:\/\/prodigypersonnel.com\/register-now\/\">\n\t\t\t\t\t\t<span class=\"elementor-button-content-wrapper\">\n\t\t\t\t\t\t\t\t\t<span class=\"elementor-button-text\">Partenaire de Prodigy<\/span>\n\t\t\t\t\t<\/span>\n\t\t\t\t\t<\/a>\n\t\t\t\t<\/div>\n\t\t\t\t\t\t\t\t<\/div>\n\t\t\t\t<\/div>\n\t\t\t\t<div class=\"elementor-element elementor-element-b93baa3 elementor-widget elementor-widget-heading\" data-id=\"b93baa3\" data-element_type=\"widget\" data-e-type=\"widget\" data-widget_type=\"heading.default\">\n\t\t\t\t<div class=\"elementor-widget-container\">\n\t\t\t\t\t<h3 class=\"elementor-heading-title elementor-size-default\">Vous \u00eates un demandeur d'emploi \u00e0 la recherche d'opportunit\u00e9s d'int\u00e9rim ?<\/h3>\t\t\t\t<\/div>\n\t\t\t\t<\/div>\n\t\t\t\t<div class=\"elementor-element elementor-element-a002703 elementor-widget elementor-widget-heading\" data-id=\"a002703\" data-element_type=\"widget\" data-e-type=\"widget\" data-widget_type=\"heading.default\">\n\t\t\t\t<div class=\"elementor-widget-container\">\n\t\t\t\t\t<p class=\"elementor-heading-title elementor-size-default\">En tant qu'agence d'int\u00e9rim de premier plan \u00e0 Columbus, nous sommes sp\u00e9cialis\u00e9s dans la mise en relation de personnes talentueuses avec des opportunit\u00e9s d'emploi passionnantes, que vous soyez \u00e0 la recherche d'un poste \u00e0 temps partiel ou \u00e0 temps plein. Notre vaste r\u00e9seau de clients couvre divers secteurs d'activit\u00e9, ce qui nous permet de trouver la solution la mieux adapt\u00e9e \u00e0 vos comp\u00e9tences et \u00e0 vos objectifs de carri\u00e8re. Faites confiance \u00e0 notre agence d'int\u00e9rim de Columbus pour tous vos besoins en personnel temporaire.<br><br>\nGr\u00e2ce \u00e0 notre engagement de personnalisation, nous prenons le temps de comprendre vos besoins et aspirations uniques, en veillant \u00e0 ce que votre exp\u00e9rience avec notre agence d'int\u00e9rim \u00e0 Columbus d\u00e9passe vos attentes. Ne vous contentez pas d'une approche unique de la recherche d'emploi - choisissez Prodigy et d\u00e9couvrez la diff\u00e9rence que peut faire notre approche personnalis\u00e9e.<\/p>\t\t\t\t<\/div>\n\t\t\t\t<\/div>\n\t\t\t\t<div class=\"elementor-element elementor-element-84e0fa0 elementor-align-left elementor-widget elementor-widget-button\" data-id=\"84e0fa0\" data-element_type=\"widget\" data-e-type=\"widget\" data-widget_type=\"button.default\">\n\t\t\t\t<div class=\"elementor-widget-container\">\n\t\t\t\t\t\t\t\t\t<div class=\"elementor-button-wrapper\">\n\t\t\t\t\t<a class=\"elementor-button elementor-button-link elementor-size-md\" href=\"https:\/\/prodigypersonnel.com\/job-opportunities-at-prodigy\/\">\n\t\t\t\t\t\t<span class=\"elementor-button-content-wrapper\">\n\t\t\t\t\t\t\t\t\t<span class=\"elementor-button-text\">Explorer les possibilit\u00e9s d'emploi<\/span>\n\t\t\t\t\t<\/span>\n\t\t\t\t\t<\/a>\n\t\t\t\t<\/div>\n\t\t\t\t\t\t\t\t<\/div>\n\t\t\t\t<\/div>\n\t\t\t\t\t<\/div>\n\t\t<\/div>\n\t\t\t\t\t<\/div>\n\t\t<\/section>\n\t\t\t\t<\/div>\n\t\t","protected":false},"excerpt":{"rendered":"<p>Agence pour l&#8217;emploi \u00e0 Columbus, OH Chez Prodigy, nous sommes fiers d&rsquo;\u00eatre une agence de placement de premier plan \u00e0 Columbus, offrant des solutions personnalis\u00e9es et professionnelles aux demandeurs d&#8217;emploi et aux employeurs. Notre agence de l&rsquo;Ohio s&rsquo;attache \u00e0 fournir un service exceptionnel \u00e0 la communaut\u00e9 locale, en veillant \u00e0 ce que nos clients et [&hellip;]<\/p>\n","protected":false},"author":1,"featured_media":0,"parent":0,"menu_order":0,"comment_status":"closed","ping_status":"closed","template":"","meta":{"footnotes":""},"class_list":["post-742","page","type-page","status-publish","hentry"],"_links":{"self":[{"href":"https:\/\/prodigypersonnel.com\/fr\/wp-json\/wp\/v2\/pages\/742","targetHints":{"allow":["GET"]}}],"collection":[{"href":"https:\/\/prodigypersonnel.com\/fr\/wp-json\/wp\/v2\/pages"}],"about":[{"href":"https:\/\/prodigypersonnel.com\/fr\/wp-json\/wp\/v2\/types\/page"}],"author":[{"embeddable":true,"href":"https:\/\/prodigypersonnel.com\/fr\/wp-json\/wp\/v2\/users\/1"}],"replies":[{"embeddable":true,"href":"https:\/\/prodigypersonnel.com\/fr\/wp-json\/wp\/v2\/comments?post=742"}],"version-history":[{"count":1,"href":"https:\/\/prodigypersonnel.com\/fr\/wp-json\/wp\/v2\/pages\/742\/revisions"}],"predecessor-version":[{"id":745,"href":"https:\/\/prodigypersonnel.com\/fr\/wp-json\/wp\/v2\/pages\/742\/revisions\/745"}],"wp:attachment":[{"href":"https:\/\/prodigypersonnel.com\/fr\/wp-json\/wp\/v2\/media?parent=742"}],"curies":[{"name":"wp","href":"https:\/\/api.w.org\/{rel}","templated":true}]}}